{"id":5046,"date":"2020-06-26T18:17:24","date_gmt":"2020-06-26T18:17:24","guid":{"rendered":"http:\/\/applestore.vn\/?page_id=5046"},"modified":"2023-08-16T17:07:05","modified_gmt":"2023-08-16T10:07:05","slug":"phuong-thuc-thanh-toan","status":"publish","type":"page","link":"https:\/\/ben.com.vn\/tin-tuc\/phuong-thuc-thanh-toan\/","title":{"rendered":"Ph\u01b0\u01a1ng th\u1ee9c thanh to\u00e1n"},"content":{"rendered":"\t\t<div data-elementor-type=\"wp-page\" data-elementor-id=\"5046\" class=\"elementor elementor-5046\" data-elementor-settings=\"[]\">\n\t\t\t\t\t\t<div class=\"elementor-inner\">\n\t\t\t\t\t\t\t<div class=\"elementor-section-wrap\">\n\t\t\t\t\t\t\t<section class=\"elementor-section elementor-top-section elementor-element elementor-element-48b8f8a elementor-section-height-min-height elementor-section-boxed elementor-section-height-default elementor-section-items-middle\" data-id=\"48b8f8a\" data-element_type=\"section\">\n\t\t\t\t\t\t<div class=\"elementor-container elementor-column-gap-default\">\n\t\t\t\t\t\t\t<div class=\"elementor-row\">\n\t\t\t\t\t<div class=\"elementor-column elementor-col-100 elementor-top-column elementor-element elementor-element-df670cd\" data-id=\"df670cd\" data-element_type=\"column\">\n\t\t\t<div class=\"elementor-column-wrap elementor-element-populated\">\n\t\t\t\t\t\t\t<div class=\"elementor-widget-wrap\">\n\t\t\t\t\t\t<div class=\"elementor-element elementor-element-6570479 elementor-widget elementor-widget-heading\" data-id=\"6570479\" data-element_type=\"widget\" data-widget_type=\"heading.default\">\n\t\t\t\t<div class=\"elementor-widget-container\">\n\t\t\t<h1 class=\"elementor-heading-title elementor-size-default\">Ph\u01b0\u01a1ng th\u1ee9c thanh to\u00e1n<\/h1>\t\t<\/div>\n\t\t\t\t<\/div>\n\t\t\t\t\t\t<\/div>\n\t\t\t\t\t<\/div>\n\t\t<\/div>\n\t\t\t\t\t\t\t\t<\/div>\n\t\t\t\t\t<\/div>\n\t\t<\/section>\n\t\t\t\t<section class=\"elementor-section elementor-top-section elementor-element elementor-element-9da27d2 elementor-section-boxed elementor-section-height-default elementor-section-height-default\" data-id=\"9da27d2\" data-element_type=\"section\">\n\t\t\t\t\t\t<div class=\"elementor-container elementor-column-gap-default\">\n\t\t\t\t\t\t\t<div class=\"elementor-row\">\n\t\t\t\t\t<div class=\"elementor-column elementor-col-50 elementor-top-column elementor-element elementor-element-a637644\" data-id=\"a637644\" data-element_type=\"column\">\n\t\t\t<div class=\"elementor-column-wrap elementor-element-populated\">\n\t\t\t\t\t\t\t<div class=\"elementor-widget-wrap\">\n\t\t\t\t\t\t<div class=\"elementor-element elementor-element-a7648f3 elementor-widget elementor-widget-heading\" data-id=\"a7648f3\" data-element_type=\"widget\" data-widget_type=\"heading.default\">\n\t\t\t\t<div class=\"elementor-widget-container\">\n\t\t\t<h2 class=\"elementor-heading-title elementor-size-default\">THANH TO\u00c1N B\u1eb0NG TI\u1ec0N M\u1eb6T <\/h2>\t\t<\/div>\n\t\t\t\t<\/div>\n\t\t\t\t<div class=\"elementor-element elementor-element-572cf27 elementor-icon-list--layout-traditional elementor-list-item-link-full_width elementor-widget elementor-widget-icon-list\" data-id=\"572cf27\" data-element_type=\"widget\" data-widget_type=\"icon-list.default\">\n\t\t\t\t<div class=\"elementor-widget-container\">\n\t\t\t\t\t<ul class=\"elementor-icon-list-items\">\n\t\t\t\t\t\t\t<li class=\"elementor-icon-list-item\">\n\t\t\t\t\t\t\t\t\t\t\t<span class=\"elementor-icon-list-icon\">\n\t\t\t\t\t\t\t<i aria-hidden=\"true\" class=\"fas fa-caret-right\"><\/i>\t\t\t\t\t\t<\/span>\n\t\t\t\t\t\t\t\t\t\t<span class=\"elementor-icon-list-text\"><b>Thanh to\u00e1n tr\u1ef1c ti\u1ebfp t\u1ea1i c\u00e1c Showroom Ben Computer<\/b><br>Qu\u00fd kh\u00e1ch thanh to\u00e1n tr\u1ef1c ti\u1ebfp t\u1ea1i qu\u1ea7y giao d\u1ecbch thu\u1ed9c h\u1ec7 th\u1ed1ng Showroom Ben Computer  Ben Computer Nguy\u1ec5n Kh\u00e1nh To\u00e0n: s\u1ed1 7, ng\u00f5 92 Nguy\u1ec5n Kh\u00e1nh To\u00e0n, C\u1ea7u Gi\u1ea5y, H\u00e0 N\u1ed9i<\/span>\n\t\t\t\t\t\t\t\t\t<\/li>\n\t\t\t\t\t\t\t\t<li class=\"elementor-icon-list-item\">\n\t\t\t\t\t\t\t\t\t\t\t<span class=\"elementor-icon-list-icon\">\n\t\t\t\t\t\t\t<i aria-hidden=\"true\" class=\"fas fa-caret-right\"><\/i>\t\t\t\t\t\t<\/span>\n\t\t\t\t\t\t\t\t\t\t<span class=\"elementor-icon-list-text\"><b>Thanh to\u00e1n t\u1ea1i \u0111i\u1ec3m giao h\u00e0ng<\/b><br> Thanh to\u00e1n cho nh\u00e2n vi\u00ean giao h\u00e0ng c\u1ee7a Ben Computer.<\/span>\n\t\t\t\t\t\t\t\t\t<\/li>\n\t\t\t\t\t\t<\/ul>\n\t\t\t\t<\/div>\n\t\t\t\t<\/div>\n\t\t\t\t\t\t<\/div>\n\t\t\t\t\t<\/div>\n\t\t<\/div>\n\t\t\t\t<div class=\"elementor-column elementor-col-50 elementor-top-column elementor-element elementor-element-46238b4\" data-id=\"46238b4\" data-element_type=\"column\">\n\t\t\t<div class=\"elementor-column-wrap elementor-element-populated\">\n\t\t\t\t\t\t\t<div class=\"elementor-widget-wrap\">\n\t\t\t\t\t\t<div class=\"elementor-element elementor-element-337e831 elementor-widget elementor-widget-image\" data-id=\"337e831\" data-element_type=\"widget\" data-widget_type=\"image.default\">\n\t\t\t\t<div class=\"elementor-widget-container\">\n\t\t\t\t\t\t\t\t<div class=\"elementor-image\">\n\t\t\t\t\t\t\t\t\t\t\t\t<img loading=\"lazy\" decoding=\"async\" width=\"1024\" height=\"708\" src=\"https:\/\/ben.com.vn\/tin-tuc\/wp-content\/uploads\/2020\/06\/Asset-2-1024x708.png\" class=\"attachment-large size-large\" alt=\"\" srcset=\"https:\/\/ben.com.vn\/tin-tuc\/wp-content\/uploads\/2020\/06\/Asset-2-1024x708.png 1024w, https:\/\/ben.com.vn\/tin-tuc\/wp-content\/uploads\/2020\/06\/Asset-2-300x208.png 300w, https:\/\/ben.com.vn\/tin-tuc\/wp-content\/uploads\/2020\/06\/Asset-2-768x531.png 768w, https:\/\/ben.com.vn\/tin-tuc\/wp-content\/uploads\/2020\/06\/Asset-2-1536x1062.png 1536w, https:\/\/ben.com.vn\/tin-tuc\/wp-content\/uploads\/2020\/06\/Asset-2-2048x1417.png 2048w\" sizes=\"auto, (max-width: 1024px) 100vw, 1024px\" \/>\t\t\t\t\t\t\t\t\t\t\t\t\t\t<\/div>\n\t\t\t\t\t\t<\/div>\n\t\t\t\t<\/div>\n\t\t\t\t\t\t<\/div>\n\t\t\t\t\t<\/div>\n\t\t<\/div>\n\t\t\t\t\t\t\t\t<\/div>\n\t\t\t\t\t<\/div>\n\t\t<\/section>\n\t\t\t\t<section class=\"elementor-section elementor-top-section elementor-element elementor-element-8dd7a7a elementor-reverse-tablet elementor-reverse-mobile elementor-section-boxed elementor-section-height-default elementor-section-height-default\" data-id=\"8dd7a7a\" data-element_type=\"section\">\n\t\t\t\t\t\t<div class=\"elementor-container elementor-column-gap-default\">\n\t\t\t\t\t\t\t<div class=\"elementor-row\">\n\t\t\t\t\t<div class=\"elementor-column elementor-col-50 elementor-top-column elementor-element elementor-element-6f89244\" data-id=\"6f89244\" data-element_type=\"column\">\n\t\t\t<div class=\"elementor-column-wrap elementor-element-populated\">\n\t\t\t\t\t\t\t<div class=\"elementor-widget-wrap\">\n\t\t\t\t\t\t<div class=\"elementor-element elementor-element-d393d83 elementor-widget elementor-widget-image\" data-id=\"d393d83\" data-element_type=\"widget\" data-widget_type=\"image.default\">\n\t\t\t\t<div class=\"elementor-widget-container\">\n\t\t\t\t\t\t\t\t<div class=\"elementor-image\">\n\t\t\t\t\t\t\t\t\t\t\t\t<img loading=\"lazy\" decoding=\"async\" width=\"500\" height=\"500\" src=\"https:\/\/ben.com.vn\/tin-tuc\/wp-content\/uploads\/2020\/06\/Mesa-de-trabajo-1.png\" class=\"attachment-full size-full\" alt=\"\" srcset=\"https:\/\/ben.com.vn\/tin-tuc\/wp-content\/uploads\/2020\/06\/Mesa-de-trabajo-1.png 500w, https:\/\/ben.com.vn\/tin-tuc\/wp-content\/uploads\/2020\/06\/Mesa-de-trabajo-1-300x300.png 300w, https:\/\/ben.com.vn\/tin-tuc\/wp-content\/uploads\/2020\/06\/Mesa-de-trabajo-1-150x150.png 150w\" sizes=\"auto, (max-width: 500px) 100vw, 500px\" \/>\t\t\t\t\t\t\t\t\t\t\t\t\t\t<\/div>\n\t\t\t\t\t\t<\/div>\n\t\t\t\t<\/div>\n\t\t\t\t\t\t<\/div>\n\t\t\t\t\t<\/div>\n\t\t<\/div>\n\t\t\t\t<div class=\"elementor-column elementor-col-50 elementor-top-column elementor-element elementor-element-dd1c950\" data-id=\"dd1c950\" data-element_type=\"column\">\n\t\t\t<div class=\"elementor-column-wrap elementor-element-populated\">\n\t\t\t\t\t\t\t<div class=\"elementor-widget-wrap\">\n\t\t\t\t\t\t<div class=\"elementor-element elementor-element-71db0c1 elementor-widget elementor-widget-heading\" data-id=\"71db0c1\" data-element_type=\"widget\" data-widget_type=\"heading.default\">\n\t\t\t\t<div class=\"elementor-widget-container\">\n\t\t\t<h2 class=\"elementor-heading-title elementor-size-default\">THANH TO\u00c1N QUA TH\u1eba<\/h2>\t\t<\/div>\n\t\t\t\t<\/div>\n\t\t\t\t<div class=\"elementor-element elementor-element-8e797aa elementor-icon-list--layout-traditional elementor-list-item-link-full_width elementor-widget elementor-widget-icon-list\" data-id=\"8e797aa\" data-element_type=\"widget\" data-widget_type=\"icon-list.default\">\n\t\t\t\t<div class=\"elementor-widget-container\">\n\t\t\t\t\t<ul class=\"elementor-icon-list-items\">\n\t\t\t\t\t\t\t<li class=\"elementor-icon-list-item\">\n\t\t\t\t\t\t\t\t\t\t\t<span class=\"elementor-icon-list-icon\">\n\t\t\t\t\t\t\t<i aria-hidden=\"true\" class=\"fas fa-caret-right\"><\/i>\t\t\t\t\t\t<\/span>\n\t\t\t\t\t\t\t\t\t\t<span class=\"elementor-icon-list-text\">\u00c1p d\u1ee5ng v\u1edbi Kh\u00e1ch h\u00e0ng l\u00e0 ch\u1ee7 th\u1ebb v\u00e0 thanh to\u00e1n t\u1ea1i c\u1eeda h\u00e0ng c\u1ee7a Ben Computer. Ch\u00fang t\u00f4i s\u1ebd kh\u00f4ng ch\u1ecbu tr\u00e1ch nhi\u1ec7m khi Qu\u00fd kh\u00e1ch d\u00f9ng th\u1ebb c\u1ee7a ng\u01b0\u1eddi kh\u00e1c \u0111\u1ec3 thanh to\u00e1n.<\/span>\n\t\t\t\t\t\t\t\t\t<\/li>\n\t\t\t\t\t\t\t\t<li class=\"elementor-icon-list-item\">\n\t\t\t\t\t\t\t\t\t\t\t<span class=\"elementor-icon-list-icon\">\n\t\t\t\t\t\t\t<i aria-hidden=\"true\" class=\"fas fa-caret-right\"><\/i>\t\t\t\t\t\t<\/span>\n\t\t\t\t\t\t\t\t\t\t<span class=\"elementor-icon-list-text\">Qu\u00fd kh\u00e1ch \u0111\u1ebfn qu\u1ea7y giao d\u1ecbch c\u1ee7a Ben Computer \u0111\u1ec3 th\u1ef1c hi\u1ec7n thanh to\u00e1n, nh\u00e2n vi\u00ean Ben Computer s\u1ebd h\u01b0\u1edbng d\u1eabn chi ti\u1ebft cho Qu\u00fd kh\u00e1ch.<\/span>\n\t\t\t\t\t\t\t\t\t<\/li>\n\t\t\t\t\t\t<\/ul>\n\t\t\t\t<\/div>\n\t\t\t\t<\/div>\n\t\t\t\t\t\t<\/div>\n\t\t\t\t\t<\/div>\n\t\t<\/div>\n\t\t\t\t\t\t\t\t<\/div>\n\t\t\t\t\t<\/div>\n\t\t<\/section>\n\t\t\t\t<section class=\"elementor-section elementor-top-section elementor-element elementor-element-ea46c2e elementor-section-boxed elementor-section-height-default elementor-section-height-default\" data-id=\"ea46c2e\" data-element_type=\"section\">\n\t\t\t\t\t\t<div class=\"elementor-container elementor-column-gap-default\">\n\t\t\t\t\t\t\t<div class=\"elementor-row\">\n\t\t\t\t\t<div class=\"elementor-column elementor-col-50 elementor-top-column elementor-element elementor-element-4b5bb32\" data-id=\"4b5bb32\" data-element_type=\"column\">\n\t\t\t<div class=\"elementor-column-wrap elementor-element-populated\">\n\t\t\t\t\t\t\t<div class=\"elementor-widget-wrap\">\n\t\t\t\t\t\t<div class=\"elementor-element elementor-element-3dcee53 elementor-widget elementor-widget-heading\" data-id=\"3dcee53\" data-element_type=\"widget\" data-widget_type=\"heading.default\">\n\t\t\t\t<div class=\"elementor-widget-container\">\n\t\t\t<h2 class=\"elementor-heading-title elementor-size-default\">THANH TO\u00c1N B\u1eb0NG CHUY\u1ec2N KHO\u1ea2N<\/h2>\t\t<\/div>\n\t\t\t\t<\/div>\n\t\t\t\t<div class=\"elementor-element elementor-element-b325398 elementor-widget elementor-widget-text-editor\" data-id=\"b325398\" data-element_type=\"widget\" data-widget_type=\"text-editor.default\">\n\t\t\t\t<div class=\"elementor-widget-container\">\n\t\t\t\t\t\t\t\t<div class=\"elementor-text-editor elementor-clearfix\">\n\t\t\t\t\t<p>Qu\u00fd kh\u00e1ch h\u00e0ng th\u1ef1c hi\u1ec7n vi\u1ec7c chuy\u1ec3n kho\u1ea3n qua ng\u00e2n h\u00e0ng t\u1ed5ng s\u1ed1 ti\u1ec1n mua h\u00e0ng, c\u01b0\u1edbc v\u1eadn chuy\u1ec3n (n\u1ebfu c\u00f3) v\u00e0o m\u1ed9t trong c\u00e1c t\u00e0i kho\u1ea3n sau c\u1ee7a Ben Computer:<\/p><p><strong>1. Ng\u00e2n h\u00e0ng TMCP Qu\u00e2n \u0111\u1ed9i (MB)<\/strong><br \/>Chi nh\u00e1nh : Ho\u00e0ng Qu\u1ed1c Vi\u1ec7t &#8211; PGD Ngh\u0129a T\u00e2n <br \/>STK : 007 110 000 1122<\/p><p><strong>2. Ng\u00e2n h\u00e0ng TMCP \u00c1 Ch\u00e2u (ACB)<\/strong><br \/>Chi nh\u00e1nh : H\u00e0 Th\u00e0nh &#8211; PGD Nguy\u1ec5n Kh\u00e1nh To\u00e0n <br \/>STK : 128 138 168 188<\/p><p><strong>3. Ng\u00e2n h\u00e0ng TMCP C\u00f4ng Th\u01b0\u01a1ng Vi\u1ec7t Nam (Vietinbank)<\/strong><br \/>Chi nh\u00e1nh : TP H\u00e0 N\u1ed9i &#8211; PGD Tr\u00e0ng Ti\u1ec1n <br \/>STK : 113 002 905 861<\/p>\t\t\t\t\t<\/div>\n\t\t\t\t\t\t<\/div>\n\t\t\t\t<\/div>\n\t\t\t\t\t\t<\/div>\n\t\t\t\t\t<\/div>\n\t\t<\/div>\n\t\t\t\t<div class=\"elementor-column elementor-col-50 elementor-top-column elementor-element elementor-element-82a0124\" data-id=\"82a0124\" data-element_type=\"column\">\n\t\t\t<div class=\"elementor-column-wrap elementor-element-populated\">\n\t\t\t\t\t\t\t<div class=\"elementor-widget-wrap\">\n\t\t\t\t\t\t<div class=\"elementor-element elementor-element-6dd1fd4 elementor-widget elementor-widget-image\" data-id=\"6dd1fd4\" data-element_type=\"widget\" data-widget_type=\"image.default\">\n\t\t\t\t<div class=\"elementor-widget-container\">\n\t\t\t\t\t\t\t\t<div class=\"elementor-image\">\n\t\t\t\t\t\t\t\t\t\t\t\t<img loading=\"lazy\" decoding=\"async\" width=\"461\" height=\"419\" src=\"https:\/\/ben.com.vn\/tin-tuc\/wp-content\/uploads\/2020\/08\/Asset-1.png\" class=\"attachment-large size-large\" alt=\"\" srcset=\"https:\/\/ben.com.vn\/tin-tuc\/wp-content\/uploads\/2020\/08\/Asset-1.png 461w, https:\/\/ben.com.vn\/tin-tuc\/wp-content\/uploads\/2020\/08\/Asset-1-300x273.png 300w\" sizes=\"auto, (max-width: 461px) 100vw, 461px\" \/>\t\t\t\t\t\t\t\t\t\t\t\t\t\t<\/div>\n\t\t\t\t\t\t<\/div>\n\t\t\t\t<\/div>\n\t\t\t\t\t\t<\/div>\n\t\t\t\t\t<\/div>\n\t\t<\/div>\n\t\t\t\t\t\t\t\t<\/div>\n\t\t\t\t\t<\/div>\n\t\t<\/section>\n\t\t\t\t<section class=\"elementor-section elementor-top-section elementor-element elementor-element-a6959e3 elementor-section-boxed elementor-section-height-default elementor-section-height-default\" data-id=\"a6959e3\" data-element_type=\"section\">\n\t\t\t\t\t\t<div class=\"elementor-container elementor-column-gap-default\">\n\t\t\t\t\t\t\t<div class=\"elementor-row\">\n\t\t\t\t\t<div class=\"elementor-column elementor-col-50 elementor-top-column elementor-element elementor-element-8ddf6b2\" data-id=\"8ddf6b2\" data-element_type=\"column\">\n\t\t\t<div class=\"elementor-column-wrap elementor-element-populated\">\n\t\t\t\t\t\t\t<div class=\"elementor-widget-wrap\">\n\t\t\t\t\t\t<div class=\"elementor-element elementor-element-d639e60 elementor-widget elementor-widget-image\" data-id=\"d639e60\" data-element_type=\"widget\" data-widget_type=\"image.default\">\n\t\t\t\t<div class=\"elementor-widget-container\">\n\t\t\t\t\t\t\t\t<div class=\"elementor-image\">\n\t\t\t\t\t\t\t\t\t\t\t\t<img loading=\"lazy\" decoding=\"async\" width=\"565\" height=\"264\" src=\"https:\/\/ben.com.vn\/tin-tuc\/wp-content\/uploads\/2020\/06\/VNPAY_QR1.jpeg\" class=\"attachment-large size-large\" alt=\"\" srcset=\"https:\/\/ben.com.vn\/tin-tuc\/wp-content\/uploads\/2020\/06\/VNPAY_QR1.jpeg 565w, https:\/\/ben.com.vn\/tin-tuc\/wp-content\/uploads\/2020\/06\/VNPAY_QR1-300x140.jpeg 300w\" sizes=\"auto, (max-width: 565px) 100vw, 565px\" \/>\t\t\t\t\t\t\t\t\t\t\t\t\t\t<\/div>\n\t\t\t\t\t\t<\/div>\n\t\t\t\t<\/div>\n\t\t\t\t\t\t<\/div>\n\t\t\t\t\t<\/div>\n\t\t<\/div>\n\t\t\t\t<div class=\"elementor-column elementor-col-50 elementor-top-column elementor-element elementor-element-3faf65c\" data-id=\"3faf65c\" data-element_type=\"column\">\n\t\t\t<div class=\"elementor-column-wrap elementor-element-populated\">\n\t\t\t\t\t\t\t<div class=\"elementor-widget-wrap\">\n\t\t\t\t\t\t<div class=\"elementor-element elementor-element-755f41d elementor-widget elementor-widget-heading\" data-id=\"755f41d\" data-element_type=\"widget\" data-widget_type=\"heading.default\">\n\t\t\t\t<div class=\"elementor-widget-container\">\n\t\t\t<h2 class=\"elementor-heading-title elementor-size-default\">THANH TO\u00c1N QUA VNPAY<\/h2>\t\t<\/div>\n\t\t\t\t<\/div>\n\t\t\t\t<div class=\"elementor-element elementor-element-061e2f3 elementor-widget elementor-widget-text-editor\" data-id=\"061e2f3\" data-element_type=\"widget\" data-widget_type=\"text-editor.default\">\n\t\t\t\t<div class=\"elementor-widget-container\">\n\t\t\t\t\t\t\t\t<div class=\"elementor-text-editor elementor-clearfix\">\n\t\t\t\t\tThanh to\u00e1n VNPAY-QR l\u00e0 h\u00ecnh th\u1ee9c thanh to\u00e1n ti\u00ean phong cho xu th\u1ebf ti\u00eau d\u00f9ng kh\u00f4ng d\u00f9ng ti\u1ec1n m\u1eb7t t\u01b0\u01a1ng lai. Thao t\u00e1c thanh to\u00e1n an to\u00e0n, \u0111\u01a1n gi\u1ea3n, nhanh ch\u00f3ng v\u00e0 b\u1ea3o m\u1eadt c\u1ea5p cao. Ch\u1ec9 c\u1ea7n s\u1eed d\u1ee5ng app Mobile Banking ng\u00e2n h\u00e0ng c\u1ee7a Qu\u00fd kh\u00e1ch v\u00e0 qu\u00e9t m\u00e3 VNPAY-QR \u0111\u1ec3 thanh to\u00e1n.\n\nB\u00ean c\u1ea1nh \u0111\u00f3, thanh to\u00e1n b\u1eb1ng VNPAY-QR, Qu\u00fd kh\u00e1ch s\u1ebd lu\u00f4n \u0111\u01b0\u1ee3c h\u01b0\u1edfng nh\u1eefng \u01b0u \u0111\u00e3i gi\u1ea3m gi\u00e1 \u0111\u1eb7c bi\u1ec7t. Chi ti\u1ebft \u01b0u \u0111\u00e3i v\u00e0 h\u01b0\u1edbng d\u1eabn thanh to\u00e1n VNPAY-QR Qu\u00fd kh\u00e1ch c\u00f3 th\u1ec3 tham kh\u1ea3o <a href=\"https:\/\/docs.google.com\/document\/d\/1ssIgm_bx2Siv67RnPe1gY4nBVJbEYRhdzwdl03XjO2o\/edit#heading=h.m7h3lh225zga\">T\u1ea0I \u0110\u00c2Y<\/a>.\n\t\t\t\t\t<\/div>\n\t\t\t\t\t\t<\/div>\n\t\t\t\t<\/div>\n\t\t\t\t\t\t<\/div>\n\t\t\t\t\t<\/div>\n\t\t<\/div>\n\t\t\t\t\t\t\t\t<\/div>\n\t\t\t\t\t<\/div>\n\t\t<\/section>\n\t\t\t\t<section class=\"elementor-section elementor-top-section elementor-element elementor-element-a664e23 elementor-section-boxed elementor-section-height-default elementor-section-height-default\" data-id=\"a664e23\" data-element_type=\"section\">\n\t\t\t\t\t\t<div class=\"elementor-container elementor-column-gap-default\">\n\t\t\t\t\t\t\t<div class=\"elementor-row\">\n\t\t\t\t\t<div class=\"elementor-column elementor-col-50 elementor-top-column elementor-element elementor-element-35d5ccf\" data-id=\"35d5ccf\" data-element_type=\"column\">\n\t\t\t<div class=\"elementor-column-wrap elementor-element-populated\">\n\t\t\t\t\t\t\t<div class=\"elementor-widget-wrap\">\n\t\t\t\t\t\t<div class=\"elementor-element elementor-element-cf7856b elementor-widget elementor-widget-heading\" data-id=\"cf7856b\" data-element_type=\"widget\" data-widget_type=\"heading.default\">\n\t\t\t\t<div class=\"elementor-widget-container\">\n\t\t\t<h2 class=\"elementor-heading-title elementor-size-default\">CH\u00cdNH S\u00c1CH TR\u1ea2 G\u00d3P 0%<\/h2>\t\t<\/div>\n\t\t\t\t<\/div>\n\t\t\t\t<div class=\"elementor-element elementor-element-80e959b elementor-icon-list--layout-traditional elementor-list-item-link-full_width elementor-widget elementor-widget-icon-list\" data-id=\"80e959b\" data-element_type=\"widget\" data-widget_type=\"icon-list.default\">\n\t\t\t\t<div class=\"elementor-widget-container\">\n\t\t\t\t\t<ul class=\"elementor-icon-list-items\">\n\t\t\t\t\t\t\t<li class=\"elementor-icon-list-item\">\n\t\t\t\t\t\t\t\t\t\t<span class=\"elementor-icon-list-text\">Ben Computer c\u0169ng k\u1ebft h\u1ee3p c\u00f9ng c\u00e1c \u0111\u1ed1i t\u00e1c t\u00e0i ch\u00ednh gi\u00fap kh\u00e1ch h\u00e0ng mua laptop tr\u1ea3 g\u00f3p. B\u1ea1n s\u1ebd d\u1ec5 d\u00e0ng s\u1edf h\u1eefu ngay Laptop, PC, Linh ki\u1ec7n m\u00e1y t\u00ednh,\u2026 \u0110i\u1ec3m \u0111\u1eb7c bi\u1ec7t c\u1ee7a ch\u01b0\u01a1ng tr\u00ecnh tr\u1ea3 g\u00f3p l\u00e3i su\u1ea5t 0% b\u1eb1ng th\u1ebb t\u00edn d\u1ee5ng l\u00e0 cho ph\u00e9p b\u1ea1n mua h\u00e0ng b\u1eb1ng th\u1ebb t\u00edn d\u1ee5ng v\u00e0 tr\u1ea3 d\u1ea7n trong v\u00f2ng t\u1eeb 6 - 12 th\u00e1ng m\u00e0 kh\u00f4ng ph\u1ea3i b\u1ed5 sung b\u1ea5t k\u1ef3 gi\u1ea5y t\u1edd n\u00e0o.<\/span>\n\t\t\t\t\t\t\t\t\t<\/li>\n\t\t\t\t\t\t\t\t<li class=\"elementor-icon-list-item\">\n\t\t\t\t\t\t\t\t\t\t<span class=\"elementor-icon-list-text\">\u0110i\u1ec1u ki\u1ec7n tr\u1ea3 g\u00f3p: <\/span>\n\t\t\t\t\t\t\t\t\t<\/li>\n\t\t\t\t\t\t\t\t<li class=\"elementor-icon-list-item\">\n\t\t\t\t\t\t\t\t\t\t\t<span class=\"elementor-icon-list-icon\">\n\t\t\t\t\t\t\t<i aria-hidden=\"true\" class=\"fas fa-caret-right\"><\/i>\t\t\t\t\t\t<\/span>\n\t\t\t\t\t\t\t\t\t\t<span class=\"elementor-icon-list-text\">C\u00f4ng d\u00e2n h\u1ee3p ph\u00e1t Vi\u1ec7t Nam t\u1eeb 19 tu\u1ed5i tr\u1edf l\u00ean, c\u00f3 kh\u1ea3 n\u0103ng lao \u0111\u1ed9ng<\/span>\n\t\t\t\t\t\t\t\t\t<\/li>\n\t\t\t\t\t\t\t\t<li class=\"elementor-icon-list-item\">\n\t\t\t\t\t\t\t\t\t\t\t<span class=\"elementor-icon-list-icon\">\n\t\t\t\t\t\t\t<i aria-hidden=\"true\" class=\"fas fa-caret-right\"><\/i>\t\t\t\t\t\t<\/span>\n\t\t\t\t\t\t\t\t\t\t<span class=\"elementor-icon-list-text\">Cung c\u1ea5p th\u00f4ng tin li\u00ean h\u1ec7 c\u1ee7a ng\u01b0\u1eddi th\u00e2n \u0111\u1ec3 Ben Computer x\u00e1c nh\u1eadn<\/span>\n\t\t\t\t\t\t\t\t\t<\/li>\n\t\t\t\t\t\t\t\t<li class=\"elementor-icon-list-item\">\n\t\t\t\t\t\t\t\t\t\t\t<span class=\"elementor-icon-list-icon\">\n\t\t\t\t\t\t\t<i aria-hidden=\"true\" class=\"fas fa-caret-right\"><\/i>\t\t\t\t\t\t<\/span>\n\t\t\t\t\t\t\t\t\t\t<span class=\"elementor-icon-list-text\">Xem chi ti\u1ebft h\u01b0\u1edbng d\u1eabn thanh to\u00e1n tr\u1ea3 g\u00f3p 0% <a href=\"https:\/\/ben.com.vn\/tin-tuc\/chinh-sach-tra-gop-nam-2022\/\">T\u1ea0I \u0110\u00c2Y<\/a>.<\/span>\n\t\t\t\t\t\t\t\t\t<\/li>\n\t\t\t\t\t\t\t\t<li class=\"elementor-icon-list-item\">\n\t\t\t\t\t\t\t\t\t\t<span class=\"elementor-icon-list-text\">C\u00e1c ng\u00e2n h\u00e0ng h\u1ed7 tr\u1ee3 tr\u1ea3 g\u00f3p:<\/span>\n\t\t\t\t\t\t\t\t\t<\/li>\n\t\t\t\t\t\t<\/ul>\n\t\t\t\t<\/div>\n\t\t\t\t<\/div>\n\t\t\t\t<div class=\"elementor-element elementor-element-bb0e0ba elementor-widget elementor-widget-image\" data-id=\"bb0e0ba\" data-element_type=\"widget\" data-widget_type=\"image.default\">\n\t\t\t\t<div class=\"elementor-widget-container\">\n\t\t\t\t\t\t\t\t<div class=\"elementor-image\">\n\t\t\t\t\t\t\t\t\t\t\t\t<img loading=\"lazy\" decoding=\"async\" width=\"300\" height=\"119\" src=\"https:\/\/ben.com.vn\/tin-tuc\/wp-content\/uploads\/2020\/08\/ACB_Logo-300x119.png\" class=\"attachment-medium size-medium\" alt=\"\" srcset=\"https:\/\/ben.com.vn\/tin-tuc\/wp-content\/uploads\/2020\/08\/ACB_Logo-300x119.png 300w, https:\/\/ben.com.vn\/tin-tuc\/wp-content\/uploads\/2020\/08\/ACB_Logo.png 600w\" sizes=\"auto, (max-width: 300px) 100vw, 300px\" \/>\t\t\t\t\t\t\t\t\t\t\t\t\t\t<\/div>\n\t\t\t\t\t\t<\/div>\n\t\t\t\t<\/div>\n\t\t\t\t\t\t<\/div>\n\t\t\t\t\t<\/div>\n\t\t<\/div>\n\t\t\t\t<div class=\"elementor-column elementor-col-50 elementor-top-column elementor-element elementor-element-9fab8b3\" data-id=\"9fab8b3\" data-element_type=\"column\">\n\t\t\t<div class=\"elementor-column-wrap elementor-element-populated\">\n\t\t\t\t\t\t\t<div class=\"elementor-widget-wrap\">\n\t\t\t\t\t\t<div class=\"elementor-element elementor-element-a9f6bcd elementor-widget elementor-widget-image\" data-id=\"a9f6bcd\" data-element_type=\"widget\" data-widget_type=\"image.default\">\n\t\t\t\t<div class=\"elementor-widget-container\">\n\t\t\t\t\t\t\t\t<div class=\"elementor-image\">\n\t\t\t\t\t\t\t\t\t\t\t\t<img loading=\"lazy\" decoding=\"async\" width=\"626\" height=\"322\" src=\"https:\/\/ben.com.vn\/tin-tuc\/wp-content\/uploads\/2020\/06\/work-payment-salary-flat-vector-illustration_82574-7898.jpg\" class=\"attachment-full size-full\" alt=\"\" srcset=\"https:\/\/ben.com.vn\/tin-tuc\/wp-content\/uploads\/2020\/06\/work-payment-salary-flat-vector-illustration_82574-7898.jpg 626w, https:\/\/ben.com.vn\/tin-tuc\/wp-content\/uploads\/2020\/06\/work-payment-salary-flat-vector-illustration_82574-7898-300x154.jpg 300w\" sizes=\"auto, (max-width: 626px) 100vw, 626px\" \/>\t\t\t\t\t\t\t\t\t\t\t\t\t\t<\/div>\n\t\t\t\t\t\t<\/div>\n\t\t\t\t<\/div>\n\t\t\t\t\t\t<\/div>\n\t\t\t\t\t<\/div>\n\t\t<\/div>\n\t\t\t\t\t\t\t\t<\/div>\n\t\t\t\t\t<\/div>\n\t\t<\/section>\n\t\t\t\t\t\t<\/div>\n\t\t\t\t\t\t<\/div>\n\t\t\t\t\t<\/div>\n\t\t","protected":false},"excerpt":{"rendered":"<p>THANH TO\u00c1N B\u1eb0NG TI\u1ec0N M\u1eb6T Thanh to\u00e1n tr\u1ef1c ti\u1ebfp t\u1ea1i c\u00e1c Showroom Ben Computer Qu\u00fd kh\u00e1ch thanh to\u00e1n tr\u1ef1c ti\u1ebfp t\u1ea1i qu\u1ea7y giao d\u1ecbch thu\u1ed9c h\u1ec7 th\u1ed1ng Showroom Ben Computer Ben Computer Nguy\u1ec5n Kh\u00e1nh To\u00e0n: s\u1ed1 7, ng\u00f5 92 Nguy\u1ec5n Kh\u00e1nh To\u00e0n, C\u1ea7u Gi\u1ea5y, H\u00e0 N\u1ed9i Thanh to\u00e1n t\u1ea1i \u0111i\u1ec3m giao h\u00e0ng Thanh to\u00e1n cho [&hellip;]<\/p>\n","protected":false},"author":39,"featured_media":0,"parent":0,"menu_order":0,"comment_status":"closed","ping_status":"closed","template":"elementor_canvas","meta":{"footnotes":"","_links_to":"","_links_to_target":""},"class_list":["post-5046","page","type-page","status-publish","hentry"],"_links":{"self":[{"href":"https:\/\/ben.com.vn\/tin-tuc\/wp-json\/wp\/v2\/pages\/5046","targetHints":{"allow":["GET"]}}],"collection":[{"href":"https:\/\/ben.com.vn\/tin-tuc\/wp-json\/wp\/v2\/pages"}],"about":[{"href":"https:\/\/ben.com.vn\/tin-tuc\/wp-json\/wp\/v2\/types\/page"}],"author":[{"embeddable":true,"href":"https:\/\/ben.com.vn\/tin-tuc\/wp-json\/wp\/v2\/users\/39"}],"replies":[{"embeddable":true,"href":"https:\/\/ben.com.vn\/tin-tuc\/wp-json\/wp\/v2\/comments?post=5046"}],"version-history":[{"count":9,"href":"https:\/\/ben.com.vn\/tin-tuc\/wp-json\/wp\/v2\/pages\/5046\/revisions"}],"predecessor-version":[{"id":75809,"href":"https:\/\/ben.com.vn\/tin-tuc\/wp-json\/wp\/v2\/pages\/5046\/revisions\/75809"}],"wp:attachment":[{"href":"https:\/\/ben.com.vn\/tin-tuc\/wp-json\/wp\/v2\/media?parent=5046"}],"curies":[{"name":"wp","href":"https:\/\/api.w.org\/{rel}","templated":true}]}}