{"id":5101,"date":"2020-06-26T19:59:21","date_gmt":"2020-06-26T19:59:21","guid":{"rendered":"http:\/\/applestore.vn\/?page_id=5101"},"modified":"2024-08-09T08:50:30","modified_gmt":"2024-08-09T01:50:30","slug":"gioi-thieu-cong-ty","status":"publish","type":"page","link":"https:\/\/ben.com.vn\/tin-tuc\/gioi-thieu-cong-ty\/","title":{"rendered":"Gi\u1edbi thi\u1ec7u c\u00f4ng ty"},"content":{"rendered":"\t\t<div data-elementor-type=\"wp-page\" data-elementor-id=\"5101\" class=\"elementor elementor-5101\" data-elementor-settings=\"[]\">\n\t\t\t\t\t\t<div class=\"elementor-inner\">\n\t\t\t\t\t\t\t<div class=\"elementor-section-wrap\">\n\t\t\t\t\t\t\t<section class=\"elementor-section elementor-top-section elementor-element elementor-element-56b8a2b elementor-section-height-min-height elementor-section-boxed elementor-section-height-default elementor-section-items-middle\" data-id=\"56b8a2b\" data-element_type=\"section\">\n\t\t\t\t\t\t<div class=\"elementor-container elementor-column-gap-default\">\n\t\t\t\t\t\t\t<div class=\"elementor-row\">\n\t\t\t\t\t<div class=\"elementor-column elementor-col-100 elementor-top-column elementor-element elementor-element-bed1b9b\" data-id=\"bed1b9b\" data-element_type=\"column\">\n\t\t\t<div class=\"elementor-column-wrap elementor-element-populated\">\n\t\t\t\t\t\t\t<div class=\"elementor-widget-wrap\">\n\t\t\t\t\t\t<div class=\"elementor-element elementor-element-96bb16a elementor-widget elementor-widget-heading\" data-id=\"96bb16a\" data-element_type=\"widget\" data-widget_type=\"heading.default\">\n\t\t\t\t<div class=\"elementor-widget-container\">\n\t\t\t<h1 class=\"elementor-heading-title elementor-size-default\">Gi\u1edbi thi\u1ec7u c\u00f4ng ty<\/h1>\t\t<\/div>\n\t\t\t\t<\/div>\n\t\t\t\t\t\t<\/div>\n\t\t\t\t\t<\/div>\n\t\t<\/div>\n\t\t\t\t\t\t\t\t<\/div>\n\t\t\t\t\t<\/div>\n\t\t<\/section>\n\t\t\t\t<section class=\"elementor-section elementor-top-section elementor-element elementor-element-375aae6 elementor-section-boxed elementor-section-height-default elementor-section-height-default\" data-id=\"375aae6\" data-element_type=\"section\">\n\t\t\t\t\t\t<div class=\"elementor-container elementor-column-gap-default\">\n\t\t\t\t\t\t\t<div class=\"elementor-row\">\n\t\t\t\t\t<div class=\"elementor-column elementor-col-100 elementor-top-column elementor-element elementor-element-595a3fd\" data-id=\"595a3fd\" data-element_type=\"column\">\n\t\t\t<div class=\"elementor-column-wrap elementor-element-populated\">\n\t\t\t\t\t\t\t<div class=\"elementor-widget-wrap\">\n\t\t\t\t\t\t<div class=\"elementor-element elementor-element-29b784c elementor-widget elementor-widget-heading\" data-id=\"29b784c\" data-element_type=\"widget\" data-widget_type=\"heading.default\">\n\t\t\t\t<div class=\"elementor-widget-container\">\n\t\t\t<h2 class=\"elementor-heading-title elementor-size-default\">L\u1ecaCH S\u1eec H\u00ccNH TH\u00c0NH & PH\u00c1T TRI\u1ec2N<\/h2>\t\t<\/div>\n\t\t\t\t<\/div>\n\t\t\t\t<div class=\"elementor-element elementor-element-8630e50 elementor-widget elementor-widget-text-editor\" data-id=\"8630e50\" data-element_type=\"widget\" data-widget_type=\"text-editor.default\">\n\t\t\t\t<div class=\"elementor-widget-container\">\n\t\t\t\t\t\t\t\t<div class=\"elementor-text-editor elementor-clearfix\">\n\t\t\t\t\t<div>C\u00f4ng ty C\u1ed5 Ph\u1ea7n B\u1ec1n ( Ben Computer ) \u0111\u01b0\u1ee3c th\u00e0nh l\u1eadp n\u0103m 2001 v\u1edbi s\u1edf h\u1eefu th\u01b0\u01a1ng hi\u1ec7u Ben \u0111\u01b0\u1ee3c B\u1ed9 khoa h\u1ecdc c\u00f4ng ngh\u1ec7 c\u1ea5p gi\u1ea5y ch\u1ee9ng nh\u1eadn s\u1ed1 42378 ng\u00e0y 25 th\u00e1ng 07 n\u0103m 2002.<\/div>\n<div>Ben Computer l\u00e0 m\u1ed9t C\u00f4ng ty ho\u1ea1t \u0111\u1ed9ng trong l\u0129nh v\u1ef1c kinh doanh Notebook, PC nguy\u00ean chi\u1ebfc, l\u1eafp r\u00e1p m\u00e1y t\u00ednh th\u01b0\u01a1ng hi\u1ec7u Ben v\u00e0 ph\u00e2n ph\u1ed1i c\u00e1c s\u1ea3n ph\u1ea9m CNTT. Sau 20 n\u0103m n\u1ed7 l\u1ef1c x\u00e2y d\u1ef1ng v\u00e0 ph\u00e1t tri\u1ec3n, Ben Computer \u0111\u00e3 thu \u0111\u01b0\u1ee3c nhi\u1ec1u th\u00e0nh c\u00f4ng, x\u00e2y d\u1ef1ng \u0111\u01b0\u1ee3c h\u1ec7 th\u1ed1ng kh\u00e1ch h\u00e0ng v\u00e0 \u0111\u1ed1i t\u00e1c tr\u00ean to\u00e0n qu\u1ed1c, \u0111\u01b0\u1ee3c kh\u00e1ch h\u00e0ng v\u00e0 \u0111\u1ed1i t\u00e1c bi\u1ebft \u0111\u1ebfn nh\u01b0 m\u1ed9t C\u00f4ng ty m\u00e1y t\u00ednh chuy\u00ean nghi\u1ec7p, uy t\u00edn h\u00e0ng \u0111\u1ea7u t\u1ea1i Vi\u1ec7t Nam.<\/div>\n<div>Hi\u1ec7n nay, Ben Computer \u0111\u00e3 l\u00e0 \u0111\u1ed1i t\u00e1c c\u1ee7a c\u00e1c h\u00e3ng c\u00f4ng ngh\u1ec7 to\u00e0n c\u1ea7u v\u00e0 c\u00e1c nh\u00e0 ph\u00e2n ph\u1ed1i l\u1edbn nh\u01b0: Dell, Intel, IBM, HP, Lenovo, Sony, Samsung, LG, Toshiba, Acer, AMP, Apple,\u2026<\/div>\t\t\t\t\t<\/div>\n\t\t\t\t\t\t<\/div>\n\t\t\t\t<\/div>\n\t\t\t\t\t\t<\/div>\n\t\t\t\t\t<\/div>\n\t\t<\/div>\n\t\t\t\t\t\t\t\t<\/div>\n\t\t\t\t\t<\/div>\n\t\t<\/section>\n\t\t\t\t<section class=\"elementor-section elementor-top-section elementor-element elementor-element-d5c2038 elementor-section-boxed elementor-section-height-default elementor-section-height-default\" data-id=\"d5c2038\" data-element_type=\"section\">\n\t\t\t\t\t\t<div class=\"elementor-container elementor-column-gap-default\">\n\t\t\t\t\t\t\t<div class=\"elementor-row\">\n\t\t\t\t\t<div class=\"elementor-column elementor-col-100 elementor-top-column elementor-element elementor-element-4392950\" data-id=\"4392950\" data-element_type=\"column\">\n\t\t\t<div class=\"elementor-column-wrap elementor-element-populated\">\n\t\t\t\t\t\t\t<div class=\"elementor-widget-wrap\">\n\t\t\t\t\t\t<div class=\"elementor-element elementor-element-5971479 elementor-widget elementor-widget-heading\" data-id=\"5971479\" data-element_type=\"widget\" data-widget_type=\"heading.default\">\n\t\t\t\t<div class=\"elementor-widget-container\">\n\t\t\t<h2 class=\"elementor-heading-title elementor-size-default\">GI\u00c1 TR\u1eca C\u1ed0T L\u00d5I<\/h2>\t\t<\/div>\n\t\t\t\t<\/div>\n\t\t\t\t<section class=\"elementor-section elementor-inner-section elementor-element elementor-element-fe91e75 elementor-section-boxed elementor-section-height-default elementor-section-height-default\" data-id=\"fe91e75\" data-element_type=\"section\">\n\t\t\t\t\t\t<div class=\"elementor-container elementor-column-gap-extended\">\n\t\t\t\t\t\t\t<div class=\"elementor-row\">\n\t\t\t\t\t<div class=\"elementor-column elementor-col-25 elementor-inner-column elementor-element elementor-element-ee48ae3\" data-id=\"ee48ae3\" data-element_type=\"column\">\n\t\t\t<div class=\"elementor-column-wrap elementor-element-populated\">\n\t\t\t\t\t\t\t<div class=\"elementor-widget-wrap\">\n\t\t\t\t\t\t<div class=\"elementor-element elementor-element-f5e027c elementor-view-stacked elementor-shape-circle elementor-position-top elementor-vertical-align-top elementor-widget elementor-widget-icon-box\" data-id=\"f5e027c\" data-element_type=\"widget\" data-widget_type=\"icon-box.default\">\n\t\t\t\t<div class=\"elementor-widget-container\">\n\t\t\t\t\t<div class=\"elementor-icon-box-wrapper\">\n\t\t\t\t\t\t<div class=\"elementor-icon-box-icon\">\n\t\t\t\t<span class=\"elementor-icon elementor-animation-\" >\n\t\t\t\t<i aria-hidden=\"true\" class=\"far fa-heart\"><\/i>\t\t\t\t<\/span>\n\t\t\t<\/div>\n\t\t\t\t\t\t<div class=\"elementor-icon-box-content\">\n\t\t\t\t<h3 class=\"elementor-icon-box-title\">\n\t\t\t\t\t<span >T\u1eacN T\u00c2M<\/span>\n\t\t\t\t<\/h3>\n\t\t\t\t\t\t\t\t<p class=\"elementor-icon-box-description\"><b>Gi\u00fap ch\u00fang t\u00f4i c\u00f3 k\u1ef7 lu\u1eadt c\u00e1 nh\u00e2n v\u00e0 k\u1ef7 lu\u1eadt t\u1ed5 ch\u1ee9c.<\/b><\/p>\n\t\t\t\t\t\t\t<\/div>\n\t\t<\/div>\n\t\t\t\t<\/div>\n\t\t\t\t<\/div>\n\t\t\t\t\t\t<\/div>\n\t\t\t\t\t<\/div>\n\t\t<\/div>\n\t\t\t\t<div class=\"elementor-column elementor-col-25 elementor-inner-column elementor-element elementor-element-240d040\" data-id=\"240d040\" data-element_type=\"column\">\n\t\t\t<div class=\"elementor-column-wrap elementor-element-populated\">\n\t\t\t\t\t\t\t<div class=\"elementor-widget-wrap\">\n\t\t\t\t\t\t<div class=\"elementor-element elementor-element-93beef3 elementor-view-stacked elementor-shape-circle elementor-position-top elementor-vertical-align-top elementor-widget elementor-widget-icon-box\" data-id=\"93beef3\" data-element_type=\"widget\" data-widget_type=\"icon-box.default\">\n\t\t\t\t<div class=\"elementor-widget-container\">\n\t\t\t\t\t<div class=\"elementor-icon-box-wrapper\">\n\t\t\t\t\t\t<div class=\"elementor-icon-box-icon\">\n\t\t\t\t<span class=\"elementor-icon elementor-animation-\" >\n\t\t\t\t<i aria-hidden=\"true\" class=\"fas fa-users\"><\/i>\t\t\t\t<\/span>\n\t\t\t<\/div>\n\t\t\t\t\t\t<div class=\"elementor-icon-box-content\">\n\t\t\t\t<h3 class=\"elementor-icon-box-title\">\n\t\t\t\t\t<span >Ki\u00ean tr\u00ec<\/span>\n\t\t\t\t<\/h3>\n\t\t\t\t\t\t\t\t<p class=\"elementor-icon-box-description\"><b>Gi\u00fap ch\u00fang t\u00f4i th\u1ef1c hi\u1ec7n \u0111\u1ebfn c\u00f9ng cam k\u1ebft c\u00f4ng vi\u1ec7c.<\/b><\/p>\n\t\t\t\t\t\t\t<\/div>\n\t\t<\/div>\n\t\t\t\t<\/div>\n\t\t\t\t<\/div>\n\t\t\t\t\t\t<\/div>\n\t\t\t\t\t<\/div>\n\t\t<\/div>\n\t\t\t\t<div class=\"elementor-column elementor-col-25 elementor-inner-column elementor-element elementor-element-57e5af9\" data-id=\"57e5af9\" data-element_type=\"column\">\n\t\t\t<div class=\"elementor-column-wrap elementor-element-populated\">\n\t\t\t\t\t\t\t<div class=\"elementor-widget-wrap\">\n\t\t\t\t\t\t<div class=\"elementor-element elementor-element-097e140 elementor-view-stacked elementor-shape-circle elementor-position-top elementor-vertical-align-top elementor-widget elementor-widget-icon-box\" data-id=\"097e140\" data-element_type=\"widget\" data-widget_type=\"icon-box.default\">\n\t\t\t\t<div class=\"elementor-widget-container\">\n\t\t\t\t\t<div class=\"elementor-icon-box-wrapper\">\n\t\t\t\t\t\t<div class=\"elementor-icon-box-icon\">\n\t\t\t\t<span class=\"elementor-icon elementor-animation-\" >\n\t\t\t\t<i aria-hidden=\"true\" class=\"far fa-lightbulb\"><\/i>\t\t\t\t<\/span>\n\t\t\t<\/div>\n\t\t\t\t\t\t<div class=\"elementor-icon-box-content\">\n\t\t\t\t<h3 class=\"elementor-icon-box-title\">\n\t\t\t\t\t<span >Th\u00edch \u1ee9ng<\/span>\n\t\t\t\t<\/h3>\n\t\t\t\t\t\t\t\t<p class=\"elementor-icon-box-description\"><b>Gi\u00fap ch\u00fang t\u00f4i linh<i> <\/i>ho\u1ea1t \u0111\u1ec3 th\u00edch nghi.<\/b><\/p>\n\t\t\t\t\t\t\t<\/div>\n\t\t<\/div>\n\t\t\t\t<\/div>\n\t\t\t\t<\/div>\n\t\t\t\t\t\t<\/div>\n\t\t\t\t\t<\/div>\n\t\t<\/div>\n\t\t\t\t<div class=\"elementor-column elementor-col-25 elementor-inner-column elementor-element elementor-element-707ce0c\" data-id=\"707ce0c\" data-element_type=\"column\">\n\t\t\t<div class=\"elementor-column-wrap elementor-element-populated\">\n\t\t\t\t\t\t\t<div class=\"elementor-widget-wrap\">\n\t\t\t\t\t\t<div class=\"elementor-element elementor-element-33a13c1 elementor-view-stacked elementor-shape-circle elementor-position-top elementor-vertical-align-top elementor-widget elementor-widget-icon-box\" data-id=\"33a13c1\" data-element_type=\"widget\" data-widget_type=\"icon-box.default\">\n\t\t\t\t<div class=\"elementor-widget-container\">\n\t\t\t\t\t<div class=\"elementor-icon-box-wrapper\">\n\t\t\t\t\t\t<div class=\"elementor-icon-box-icon\">\n\t\t\t\t<span class=\"elementor-icon elementor-animation-\" >\n\t\t\t\t<i aria-hidden=\"true\" class=\"fas fa-check\"><\/i>\t\t\t\t<\/span>\n\t\t\t<\/div>\n\t\t\t\t\t\t<div class=\"elementor-icon-box-content\">\n\t\t\t\t<h3 class=\"elementor-icon-box-title\">\n\t\t\t\t\t<span >s\u00e1ng t\u1ea1o<\/span>\n\t\t\t\t<\/h3>\n\t\t\t\t\t\t\t\t<p class=\"elementor-icon-box-description\"><b>Gi\u00fap ch\u00fang t\u00f4i ch\u1ee7 \u0111\u1ed9ng v\u01b0\u1ee3t qua c\u00e1c th\u00e1ch th\u1ee9c.<\/b><\/p>\n\t\t\t\t\t\t\t<\/div>\n\t\t<\/div>\n\t\t\t\t<\/div>\n\t\t\t\t<\/div>\n\t\t\t\t\t\t<\/div>\n\t\t\t\t\t<\/div>\n\t\t<\/div>\n\t\t\t\t\t\t\t\t<\/div>\n\t\t\t\t\t<\/div>\n\t\t<\/section>\n\t\t\t\t\t\t<\/div>\n\t\t\t\t\t<\/div>\n\t\t<\/div>\n\t\t\t\t\t\t\t\t<\/div>\n\t\t\t\t\t<\/div>\n\t\t<\/section>\n\t\t\t\t<section class=\"elementor-section elementor-top-section elementor-element elementor-element-58981db elementor-section-boxed elementor-section-height-default elementor-section-height-default\" data-id=\"58981db\" data-element_type=\"section\">\n\t\t\t\t\t\t<div class=\"elementor-container elementor-column-gap-default\">\n\t\t\t\t\t\t\t<div class=\"elementor-row\">\n\t\t\t\t\t<div class=\"elementor-column elementor-col-100 elementor-top-column elementor-element elementor-element-26d883c\" data-id=\"26d883c\" data-element_type=\"column\">\n\t\t\t<div class=\"elementor-column-wrap elementor-element-populated\">\n\t\t\t\t\t\t\t<div class=\"elementor-widget-wrap\">\n\t\t\t\t\t\t<div class=\"elementor-element elementor-element-683ce22 elementor-widget elementor-widget-heading\" data-id=\"683ce22\" data-element_type=\"widget\" data-widget_type=\"heading.default\">\n\t\t\t\t<div class=\"elementor-widget-container\">\n\t\t\t<h2 class=\"elementor-heading-title elementor-size-default\">TH\u00c0NH T\u1ef0U<\/h2>\t\t<\/div>\n\t\t\t\t<\/div>\n\t\t\t\t<div class=\"elementor-element elementor-element-5cffa4e elementor-widget elementor-widget-text-editor\" data-id=\"5cffa4e\" data-element_type=\"widget\" data-widget_type=\"text-editor.default\">\n\t\t\t\t<div class=\"elementor-widget-container\">\n\t\t\t\t\t\t\t\t<div class=\"elementor-text-editor elementor-clearfix\">\n\t\t\t\t\t<p>B\u1eb1ng nh\u1eefng n\u1ed7 l\u1ef1c kh\u00f4ng m\u1ec7t m\u1ecfi, Ben Computer t\u1ef1 h\u00e0o l\u00e0 nh\u00e0 b\u00e1n l\u1ebb thi\u1ebft b\u1ecb c\u00f4ng ngh\u1ec7 cao \u0111\u01b0\u1ee3c kh\u00e1ch h\u00e0ng v\u00e0 c\u00e1c \u0111\u1ed1i t\u00e1c tin t\u01b0\u1edfng v\u00e0 y\u00eau m\u1ebfn. \u0110\u00f3 l\u00e0 gi\u1ea3i th\u01b0\u1edfng v\u00e0 ni\u1ec1m t\u1ef1 h\u00e0o v\u00f4 gi\u00e1 c\u1ee7a ch\u00fang t\u00f4i.<\/p>\t\t\t\t\t<\/div>\n\t\t\t\t\t\t<\/div>\n\t\t\t\t<\/div>\n\t\t\t\t<div class=\"elementor-element elementor-element-2261c98 elementor-arrows-position-inside elementor-pagination-position-outside elementor-widget elementor-widget-image-carousel\" data-id=\"2261c98\" data-element_type=\"widget\" data-settings=\"{&quot;slides_to_show&quot;:&quot;6&quot;,&quot;navigation&quot;:&quot;both&quot;,&quot;autoplay&quot;:&quot;yes&quot;,&quot;pause_on_hover&quot;:&quot;yes&quot;,&quot;pause_on_interaction&quot;:&quot;yes&quot;,&quot;autoplay_speed&quot;:5000,&quot;infinite&quot;:&quot;yes&quot;,&quot;speed&quot;:500}\" data-widget_type=\"image-carousel.default\">\n\t\t\t\t<div class=\"elementor-widget-container\">\n\t\t\t\t\t<div class=\"elementor-image-carousel-wrapper swiper-container\" dir=\"ltr\">\n\t\t\t<div class=\"elementor-image-carousel swiper-wrapper\">\n\t\t\t\t<div class=\"swiper-slide\"><figure class=\"swiper-slide-inner\"><img decoding=\"async\" class=\"swiper-slide-image\" src=\"https:\/\/ben.com.vn\/tin-tuc\/wp-content\/uploads\/2020\/06\/6-4-1.jpg\" alt=\"6-4\" \/><\/figure><\/div><div class=\"swiper-slide\"><figure class=\"swiper-slide-inner\"><img decoding=\"async\" class=\"swiper-slide-image\" src=\"https:\/\/ben.com.vn\/tin-tuc\/wp-content\/uploads\/2020\/06\/5-4-1.jpg\" alt=\"5-4\" \/><\/figure><\/div><div class=\"swiper-slide\"><figure class=\"swiper-slide-inner\"><img decoding=\"async\" class=\"swiper-slide-image\" src=\"https:\/\/ben.com.vn\/tin-tuc\/wp-content\/uploads\/2020\/06\/4-3-1.jpg\" alt=\"4-3\" \/><\/figure><\/div><div class=\"swiper-slide\"><figure class=\"swiper-slide-inner\"><img decoding=\"async\" class=\"swiper-slide-image\" src=\"https:\/\/ben.com.vn\/tin-tuc\/wp-content\/uploads\/2020\/06\/2-5-1.jpg\" alt=\"2-5\" \/><\/figure><\/div><div class=\"swiper-slide\"><figure class=\"swiper-slide-inner\"><img decoding=\"async\" class=\"swiper-slide-image\" src=\"https:\/\/ben.com.vn\/tin-tuc\/wp-content\/uploads\/2020\/06\/1-1.gif\" alt=\"1\" \/><\/figure><\/div><div class=\"swiper-slide\"><figure class=\"swiper-slide-inner\"><img decoding=\"async\" class=\"swiper-slide-image\" src=\"https:\/\/ben.com.vn\/tin-tuc\/wp-content\/uploads\/2020\/06\/7-2-1.jpg\" alt=\"7-2\" \/><\/figure><\/div>\t\t\t<\/div>\n\t\t\t\t\t\t\t\t\t\t\t\t<div class=\"swiper-pagination\"><\/div>\n\t\t\t\t\t\t\t\t\t\t\t\t\t<div class=\"elementor-swiper-button elementor-swiper-button-prev\">\n\t\t\t\t\t\t<i class=\"eicon-chevron-left\" aria-hidden=\"true\"><\/i>\n\t\t\t\t\t\t<span class=\"elementor-screen-only\">Quay v\u1ec1<\/span>\n\t\t\t\t\t<\/div>\n\t\t\t\t\t<div class=\"elementor-swiper-button elementor-swiper-button-next\">\n\t\t\t\t\t\t<i class=\"eicon-chevron-right\" aria-hidden=\"true\"><\/i>\n\t\t\t\t\t\t<span class=\"elementor-screen-only\">Ti\u1ebfp theo<\/span>\n\t\t\t\t\t<\/div>\n\t\t\t\t\t\t\t\t\t<\/div>\n\t\t\t\t<\/div>\n\t\t\t\t<\/div>\n\t\t\t\t\t\t<\/div>\n\t\t\t\t\t<\/div>\n\t\t<\/div>\n\t\t\t\t\t\t\t\t<\/div>\n\t\t\t\t\t<\/div>\n\t\t<\/section>\n\t\t\t\t<section class=\"elementor-section elementor-top-section elementor-element elementor-element-c5ddeec elementor-section-boxed elementor-section-height-default elementor-section-height-default\" data-id=\"c5ddeec\" data-element_type=\"section\">\n\t\t\t\t\t\t<div class=\"elementor-container elementor-column-gap-default\">\n\t\t\t\t\t\t\t<div class=\"elementor-row\">\n\t\t\t\t\t<div class=\"elementor-column elementor-col-100 elementor-top-column elementor-element elementor-element-1ca3ff4\" data-id=\"1ca3ff4\" data-element_type=\"column\">\n\t\t\t<div class=\"elementor-column-wrap elementor-element-populated\">\n\t\t\t\t\t\t\t<div class=\"elementor-widget-wrap\">\n\t\t\t\t\t\t<div class=\"elementor-element elementor-element-9a9c628 elementor-widget elementor-widget-heading\" data-id=\"9a9c628\" data-element_type=\"widget\" data-widget_type=\"heading.default\">\n\t\t\t\t<div class=\"elementor-widget-container\">\n\t\t\t<h2 class=\"elementor-heading-title elementor-size-default\">S\u1ee8 M\u1ec6NH & T\u1ea6M NH\u00ccN DOANH NGHI\u1ec6P<\/h2>\t\t<\/div>\n\t\t\t\t<\/div>\n\t\t\t\t<div class=\"elementor-element elementor-element-63049bc elementor-widget elementor-widget-text-editor\" data-id=\"63049bc\" data-element_type=\"widget\" data-widget_type=\"text-editor.default\">\n\t\t\t\t<div class=\"elementor-widget-container\">\n\t\t\t\t\t\t\t\t<div class=\"elementor-text-editor elementor-clearfix\">\n\t\t\t\t\t<p>Ch\u00fang t\u00f4i, b\u1eb1ng c\u00e1c s\u1ea3n ph\u1ea9m v\u00e0 d\u1ecbch v\u1ee5 c\u00f4ng ngh\u1ec7, ph\u1ea5n \u0111\u1ea5u kh\u00f4ng ng\u1eebng t\u1ea1o ra c\u00e1c l\u1ee3i \u00edch chung cho c\u1ed9ng \u0111\u1ed3ng v\u1edbi gi\u00e1 tr\u1ecb cao nh\u1ea5t v\u00e0 chi ph\u00ed c\u1ee7a x\u00e3 h\u1ed9i th\u1ea5p nh\u1ea5t. Ch\u00fang t\u00f4i s\u00e1ng t\u1ea1o kh\u00f4ng ng\u1eebng \u0111\u1ec3 tr\u1edf th\u00e0nh c\u1ea7u n\u1ed1i hi\u1ec7u qu\u1ea3 nh\u1ea5t gi\u1eefa ng\u01b0\u1eddi s\u1eed d\u1ee5ng v\u00e0 c\u00e1c thi\u1ebft b\u1ecb, gi\u1ea3i ph\u00e1p c\u00f4ng ngh\u1ec7 t\u01b0\u01a1ng lai.<\/p>\t\t\t\t\t<\/div>\n\t\t\t\t\t\t<\/div>\n\t\t\t\t<\/div>\n\t\t\t\t\t\t<\/div>\n\t\t\t\t\t<\/div>\n\t\t<\/div>\n\t\t\t\t\t\t\t\t<\/div>\n\t\t\t\t\t<\/div>\n\t\t<\/section>\n\t\t\t\t\t\t<\/div>\n\t\t\t\t\t\t<\/div>\n\t\t\t\t\t<\/div>\n\t\t","protected":false},"excerpt":{"rendered":"<p>L\u1ecaCH S\u1eec H\u00ccNH TH\u00c0NH &#038; PH\u00c1T TRI\u1ec2N C\u00f4ng ty C\u1ed5 Ph\u1ea7n B\u1ec1n ( Ben Computer ) \u0111\u01b0\u1ee3c th\u00e0nh l\u1eadp n\u0103m 2001 v\u1edbi s\u1edf h\u1eefu th\u01b0\u01a1ng hi\u1ec7u Ben \u0111\u01b0\u1ee3c B\u1ed9 khoa h\u1ecdc c\u00f4ng ngh\u1ec7 c\u1ea5p gi\u1ea5y ch\u1ee9ng nh\u1eadn s\u1ed1 42378 ng\u00e0y 25 th\u00e1ng 07 n\u0103m 2002. Ben Computer l\u00e0 m\u1ed9t C\u00f4ng ty ho\u1ea1t \u0111\u1ed9ng trong l\u0129nh [&hellip;]<\/p>\n","protected":false},"author":39,"featured_media":0,"parent":0,"menu_order":0,"comment_status":"closed","ping_status":"closed","template":"elementor_header_footer","meta":{"footnotes":"","_links_to":"","_links_to_target":""},"class_list":["post-5101","page","type-page","status-publish","hentry"],"_links":{"self":[{"href":"https:\/\/ben.com.vn\/tin-tuc\/wp-json\/wp\/v2\/pages\/5101","targetHints":{"allow":["GET"]}}],"collection":[{"href":"https:\/\/ben.com.vn\/tin-tuc\/wp-json\/wp\/v2\/pages"}],"about":[{"href":"https:\/\/ben.com.vn\/tin-tuc\/wp-json\/wp\/v2\/types\/page"}],"author":[{"embeddable":true,"href":"https:\/\/ben.com.vn\/tin-tuc\/wp-json\/wp\/v2\/users\/39"}],"replies":[{"embeddable":true,"href":"https:\/\/ben.com.vn\/tin-tuc\/wp-json\/wp\/v2\/comments?post=5101"}],"version-history":[{"count":3,"href":"https:\/\/ben.com.vn\/tin-tuc\/wp-json\/wp\/v2\/pages\/5101\/revisions"}],"predecessor-version":[{"id":77903,"href":"https:\/\/ben.com.vn\/tin-tuc\/wp-json\/wp\/v2\/pages\/5101\/revisions\/77903"}],"wp:attachment":[{"href":"https:\/\/ben.com.vn\/tin-tuc\/wp-json\/wp\/v2\/media?parent=5101"}],"curies":[{"name":"wp","href":"https:\/\/api.w.org\/{rel}","templated":true}]}}