{"id":5196,"date":"2020-06-27T04:51:21","date_gmt":"2020-06-27T04:51:21","guid":{"rendered":"http:\/\/applestore.vn\/?page_id=5196"},"modified":"2022-04-08T15:34:39","modified_gmt":"2022-04-08T08:34:39","slug":"chinh-sach-tra-gop","status":"publish","type":"page","link":"https:\/\/ben.com.vn\/tin-tuc\/chinh-sach-tra-gop\/","title":{"rendered":"Ch\u00ednh s\u00e1ch tr\u1ea3 g\u00f3p"},"content":{"rendered":"\t\t<div data-elementor-type=\"wp-page\" data-elementor-id=\"5196\" class=\"elementor elementor-5196\" data-elementor-settings=\"[]\">\n\t\t\t\t\t\t<div class=\"elementor-inner\">\n\t\t\t\t\t\t\t<div class=\"elementor-section-wrap\">\n\t\t\t\t\t\t\t<section class=\"elementor-section elementor-top-section elementor-element elementor-element-cddfc1e elementor-section-height-min-height elementor-section-boxed elementor-section-height-default elementor-section-items-middle\" data-id=\"cddfc1e\" data-element_type=\"section\">\n\t\t\t\t\t\t<div class=\"elementor-container elementor-column-gap-default\">\n\t\t\t\t\t\t\t<div class=\"elementor-row\">\n\t\t\t\t\t<div class=\"elementor-column elementor-col-100 elementor-top-column elementor-element elementor-element-827ba02\" data-id=\"827ba02\" data-element_type=\"column\">\n\t\t\t<div class=\"elementor-column-wrap elementor-element-populated\">\n\t\t\t\t\t\t\t<div class=\"elementor-widget-wrap\">\n\t\t\t\t\t\t<div class=\"elementor-element elementor-element-4ab39ec elementor-widget elementor-widget-heading\" data-id=\"4ab39ec\" data-element_type=\"widget\" data-widget_type=\"heading.default\">\n\t\t\t\t<div class=\"elementor-widget-container\">\n\t\t\t<h1 class=\"elementor-heading-title elementor-size-default\">Ch\u00ednh s\u00e1ch tr\u1ea3 g\u00f3p<\/h1>\t\t<\/div>\n\t\t\t\t<\/div>\n\t\t\t\t\t\t<\/div>\n\t\t\t\t\t<\/div>\n\t\t<\/div>\n\t\t\t\t\t\t\t\t<\/div>\n\t\t\t\t\t<\/div>\n\t\t<\/section>\n\t\t\t\t<section class=\"elementor-section elementor-top-section elementor-element elementor-element-91a5341 elementor-section-boxed elementor-section-height-default elementor-section-height-default\" data-id=\"91a5341\" data-element_type=\"section\">\n\t\t\t\t\t\t<div class=\"elementor-container elementor-column-gap-default\">\n\t\t\t\t\t\t\t<div class=\"elementor-row\">\n\t\t\t\t\t<div class=\"elementor-column elementor-col-100 elementor-top-column elementor-element elementor-element-cb16543\" data-id=\"cb16543\" data-element_type=\"column\">\n\t\t\t<div class=\"elementor-column-wrap elementor-element-populated\">\n\t\t\t\t\t\t\t<div class=\"elementor-widget-wrap\">\n\t\t\t\t\t\t<div class=\"elementor-element elementor-element-63e6e08 elementor-widget elementor-widget-text-editor\" data-id=\"63e6e08\" data-element_type=\"widget\" data-widget_type=\"text-editor.default\">\n\t\t\t\t<div class=\"elementor-widget-container\">\n\t\t\t\t\t\t\t\t<div class=\"elementor-text-editor elementor-clearfix\">\n\t\t\t\t\t<p>Ben Computer k\u1ebft h\u1ee3p c\u00f9ng HD S\u00e0i G\u00f2n v\u00e0 FE Credit h\u1ed7 tr\u1ee3 kh\u00e1ch h\u00e0ng mua h\u00e0ng tr\u1ea3 g\u00f3p. B\u1ea1n s\u1ebd d\u1ec5 d\u00e0ng s\u1edf h\u1eefu ngay Laptop, PC\u2026 t\u1ea1i Ben Computer v\u1edbi \u01b0u \u0111\u00e3i tr\u1ea3 g\u00f3p c\u1ee7a HD S\u00e0i G\u00f2n, Fe Credit v\u1eeba c\u00f3 lap ph\u1ee5c v\u1ee5 cho h\u1ecdc t\u1eadp, l\u00e0m vi\u1ec7c v\u1eeba gi\u00fap kh\u00e1ch h\u00e0ng nh\u1eb9 g\u00e1nh t\u00e0i ch\u00ednh \u0111\u1ec3 nhanh ch\u00f3ng s\u1edf h\u1eefu ngay s\u1ea3n ph\u1ea9m m\u00ecnh mong mu\u1ed1n v\u00e0 n\u00e2ng cao ch\u1ea5t l\u01b0\u1ee3ng cu\u1ed9c s\u1ed1ng.<\/p>\t\t\t\t\t<\/div>\n\t\t\t\t\t\t<\/div>\n\t\t\t\t<\/div>\n\t\t\t\t\t\t<\/div>\n\t\t\t\t\t<\/div>\n\t\t<\/div>\n\t\t\t\t\t\t\t\t<\/div>\n\t\t\t\t\t<\/div>\n\t\t<\/section>\n\t\t\t\t<section class=\"elementor-section elementor-top-section elementor-element elementor-element-3080b77 elementor-section-boxed elementor-section-height-default elementor-section-height-default\" data-id=\"3080b77\" data-element_type=\"section\">\n\t\t\t\t\t\t<div class=\"elementor-container elementor-column-gap-default\">\n\t\t\t\t\t\t\t<div class=\"elementor-row\">\n\t\t\t\t\t<div class=\"elementor-column elementor-col-100 elementor-top-column elementor-element elementor-element-8a114db\" data-id=\"8a114db\" data-element_type=\"column\">\n\t\t\t<div class=\"elementor-column-wrap elementor-element-populated\">\n\t\t\t\t\t\t\t<div class=\"elementor-widget-wrap\">\n\t\t\t\t\t\t<div class=\"elementor-element elementor-element-ae3d643 elementor-widget elementor-widget-heading\" data-id=\"ae3d643\" data-element_type=\"widget\" data-widget_type=\"heading.default\">\n\t\t\t\t<div class=\"elementor-widget-container\">\n\t\t\t<h2 class=\"elementor-heading-title elementor-size-default\">T\u1ea1i sao mua h\u00e0ng tr\u1ea3 g\u00f3p t\u1ea1i Ben Computer \u0111\u01b0\u1ee3c t\u00edn nhi\u1ec7m<\/h2>\t\t<\/div>\n\t\t\t\t<\/div>\n\t\t\t\t<div class=\"elementor-element elementor-element-b2d0c8d elementor-icon-list--layout-traditional elementor-list-item-link-full_width elementor-widget elementor-widget-icon-list\" data-id=\"b2d0c8d\" data-element_type=\"widget\" data-widget_type=\"icon-list.default\">\n\t\t\t\t<div class=\"elementor-widget-container\">\n\t\t\t\t\t<ul class=\"elementor-icon-list-items\">\n\t\t\t\t\t\t\t<li class=\"elementor-icon-list-item\">\n\t\t\t\t\t\t\t\t\t\t\t<span class=\"elementor-icon-list-icon\">\n\t\t\t\t\t\t\t<i aria-hidden=\"true\" class=\"fas fa-caret-right\"><\/i>\t\t\t\t\t\t<\/span>\n\t\t\t\t\t\t\t\t\t\t<span class=\"elementor-icon-list-text\">Th\u1ee7 t\u1ee5c v\u00e0 h\u1ed3 s\u01a1 vay d\u1ec5 d\u00e0ng nhanh ch\u00f3ng<\/span>\n\t\t\t\t\t\t\t\t\t<\/li>\n\t\t\t\t\t\t\t\t<li class=\"elementor-icon-list-item\">\n\t\t\t\t\t\t\t\t\t\t\t<span class=\"elementor-icon-list-icon\">\n\t\t\t\t\t\t\t<i aria-hidden=\"true\" class=\"fas fa-caret-right\"><\/i>\t\t\t\t\t\t<\/span>\n\t\t\t\t\t\t\t\t\t\t<span class=\"elementor-icon-list-text\">X\u00e9t duy\u1ec7t v\u00e0 nh\u1eadn h\u00e0ng ngay t\u1ea1i \u0111i\u1ec3m b\u00e1n gi\u00fap b\u1ea1n s\u1edf h\u1eefu ngay s\u1ea3n ph\u1ea9m m\u00e0 kh\u00f4ng ph\u1ea3i ch\u1edd \u0111\u1ee3i l\u00e2u.<\/span>\n\t\t\t\t\t\t\t\t\t<\/li>\n\t\t\t\t\t\t\t\t<li class=\"elementor-icon-list-item\">\n\t\t\t\t\t\t\t\t\t\t\t<span class=\"elementor-icon-list-icon\">\n\t\t\t\t\t\t\t<i aria-hidden=\"true\" class=\"fas fa-caret-right\"><\/i>\t\t\t\t\t\t<\/span>\n\t\t\t\t\t\t\t\t\t\t<span class=\"elementor-icon-list-text\">L\u00e3i su\u1ea5t h\u1ea5p d\u1eabn<\/span>\n\t\t\t\t\t\t\t\t\t<\/li>\n\t\t\t\t\t\t\t\t<li class=\"elementor-icon-list-item\">\n\t\t\t\t\t\t\t\t\t\t\t<span class=\"elementor-icon-list-icon\">\n\t\t\t\t\t\t\t<i aria-hidden=\"true\" class=\"fas fa-caret-right\"><\/i>\t\t\t\t\t\t<\/span>\n\t\t\t\t\t\t\t\t\t\t<span class=\"elementor-icon-list-text\">K\u1ef3 h\u1ea1n tr\u1ea3 g\u00f3p d\u00e0i linh ho\u1ea1t t\u1eeb 09 \u2013 24 th\u00e1ng.<\/span>\n\t\t\t\t\t\t\t\t\t<\/li>\n\t\t\t\t\t\t\t\t<li class=\"elementor-icon-list-item\">\n\t\t\t\t\t\t\t\t\t\t\t<span class=\"elementor-icon-list-icon\">\n\t\t\t\t\t\t\t<i aria-hidden=\"true\" class=\"fas fa-caret-right\"><\/i>\t\t\t\t\t\t<\/span>\n\t\t\t\t\t\t\t\t\t\t<span class=\"elementor-icon-list-text\">H\u01b0\u1edfng to\u00e0n b\u1ed9 khuy\u1ebfn m\u00e3i nh\u01b0 mua tr\u1ea3 th\u1eb3ng.<\/span>\n\t\t\t\t\t\t\t\t\t<\/li>\n\t\t\t\t\t\t\t\t<li class=\"elementor-icon-list-item\">\n\t\t\t\t\t\t\t\t\t\t\t<span class=\"elementor-icon-list-icon\">\n\t\t\t\t\t\t\t<i aria-hidden=\"true\" class=\"fas fa-caret-right\"><\/i>\t\t\t\t\t\t<\/span>\n\t\t\t\t\t\t\t\t\t\t<span class=\"elementor-icon-list-text\">Vay mua c\u00f9ng l\u00fac v\u1edbi nhi\u1ec1u ch\u01b0\u01a1ng tr\u00ecnh v\u1ee1i l\u00e3i su\u1ea5t \u01b0u \u0111\u00e3i t\u1eeb hai \u0111\u01a1n v\u1ecb cho vay tr\u1ea3 g\u00f3p uy t\u00edn l\u00e0 HD S\u00e0i G\u00f2n v\u00e0 Fe Credit<\/span>\n\t\t\t\t\t\t\t\t\t<\/li>\n\t\t\t\t\t\t\t\t<li class=\"elementor-icon-list-item\">\n\t\t\t\t\t\t\t\t\t\t\t<span class=\"elementor-icon-list-icon\">\n\t\t\t\t\t\t\t<i aria-hidden=\"true\" class=\"fas fa-caret-right\"><\/i>\t\t\t\t\t\t<\/span>\n\t\t\t\t\t\t\t\t\t\t<span class=\"elementor-icon-list-text\">\u0110\u01b0\u1ee3c c\u00e1c nh\u00e2n vi\u00ean ph\u1ee5c v\u1ee5 m\u1ed9t c\u00e1ch chuy\u00ean nghi\u1ec7p v\u00e0 th\u00e2n thi\u1ec7n<\/span>\n\t\t\t\t\t\t\t\t\t<\/li>\n\t\t\t\t\t\t<\/ul>\n\t\t\t\t<\/div>\n\t\t\t\t<\/div>\n\t\t\t\t\t\t<\/div>\n\t\t\t\t\t<\/div>\n\t\t<\/div>\n\t\t\t\t\t\t\t\t<\/div>\n\t\t\t\t\t<\/div>\n\t\t<\/section>\n\t\t\t\t<section class=\"elementor-section elementor-top-section elementor-element elementor-element-3dd7142 elementor-section-boxed elementor-section-height-default elementor-section-height-default\" data-id=\"3dd7142\" data-element_type=\"section\">\n\t\t\t\t\t\t<div class=\"elementor-container elementor-column-gap-default\">\n\t\t\t\t\t\t\t<div class=\"elementor-row\">\n\t\t\t\t\t<div class=\"elementor-column elementor-col-100 elementor-top-column elementor-element elementor-element-10651e1\" data-id=\"10651e1\" data-element_type=\"column\">\n\t\t\t<div class=\"elementor-column-wrap elementor-element-populated\">\n\t\t\t\t\t\t\t<div class=\"elementor-widget-wrap\">\n\t\t\t\t\t\t<div class=\"elementor-element elementor-element-6ebef08 elementor-widget elementor-widget-heading\" data-id=\"6ebef08\" data-element_type=\"widget\" data-widget_type=\"heading.default\">\n\t\t\t\t<div class=\"elementor-widget-container\">\n\t\t\t<h2 class=\"elementor-heading-title elementor-size-default\">Th\u1ee7 t\u1ee5c tr\u1ea3 g\u00f3p c\u1ea7n nh\u1eefng gi\u1ea5y t\u1edd g\u00ec?<\/h2>\t\t<\/div>\n\t\t\t\t<\/div>\n\t\t\t\t<div class=\"elementor-element elementor-element-8489031 elementor-widget elementor-widget-text-editor\" data-id=\"8489031\" data-element_type=\"widget\" data-widget_type=\"text-editor.default\">\n\t\t\t\t<div class=\"elementor-widget-container\">\n\t\t\t\t\t\t\t\t<div class=\"elementor-text-editor elementor-clearfix\">\n\t\t\t\t\t<p>R\u1ea5t \u0111\u01a1n gi\u1ea3n th\u00f4i, \u0111\u1ec3 s\u1ea3n ph\u1ea9m nh\u01b0 laptop, m\u00e1y t\u00ednh b\u00e0n tr\u1ea3 g\u00f3p,\u00a0 tr\u1ea3 g\u00f3p b\u1ea1n ph\u1ea3i l\u00e0 c\u00f4ng d\u00e2n h\u1ee3p ph\u00e1p Vi\u1ec7t Nam t\u1eeb 19 tu\u1ed5i tr\u1edf l\u00ean v\u00e0 c\u00f3 kh\u1ea3 n\u0103ng lao \u0111\u1ed9ng<\/p><p>V\u00ed d\u1ee5 b\u1ea1n ch\u1ecdn mua \u0111i\u1ec7n tho\u1ea1i tr\u1ea3 g\u00f3p t\u1ea1i Ben Computer ch\u1ec9 c\u1ea7n m\u1ed9t s\u1ed1 gi\u1ea5y t\u1edd c\u1ea7n thi\u1ebft c\u01a1 b\u1ea3n g\u1ed3m : Ch\u1ee9ng minh nh\u00e2n d\u00e2n + Gi\u1ea5y ph\u00e9p l\u00e3i xe ho\u1eb7c h\u1ed9 kh\u1ea9u v\u00e0 s\u1ebd \u0111\u01b0\u1ee3c ho\u00e0n tr\u1ea3 ngay sau khi l\u00e0m th\u1ee7 t\u1ee5c.<\/p><p>Cung c\u1ea5p 2 s\u1ed1 \u0111i\u1ec7n tho\u1ea1i ng\u01b0\u1eddi th\u00e2n Anh, Ch\u1ecb, Cha, M\u1eb9 \u0111\u1ec3 ng\u00e2n h\u00e0ng g\u1ecdi x\u00e1c nh\u1eadn vi\u1ec7c mua h\u00e0ng<\/p><p>FE Credit v\u00e0 HD S\u00e0i G\u00f2n lu\u00f4n c\u1eadp nh\u1eadt nh\u1eefng \u01b0u \u0111\u00e3i thi\u1ebft th\u1ef1c v\u00e0 mang l\u1ea1i c\u01a1 h\u1ed9i tr\u1ea3i nghi\u1ec7m nh\u1eefng \u0111i\u1ec1u m\u1edbi m\u1ebb cho kh\u00e1ch h\u00e0ng, h\u00e0ng th\u00e1ng \u0111\u1ec1u c\u00f3 ch\u01b0\u01a1ng tr\u00ecnh \u01b0u \u0111\u00e3i l\u00e3i su\u1ea5t si\u00eau h\u1ea5p d\u1eabn cho kh\u00e1ch h\u00e0ng.<\/p><p>Qu\u00fd kh\u00e1ch vui l\u00f2ng \u0111\u1ebfn Hotline c\u1ee7a BenComputer: 089 917 99 91 \u0111\u1ec3 \u0111\u01b0\u1ee3c nh\u00e2n vi\u00ean t\u01b0 v\u1ea5n!<\/p>\t\t\t\t\t<\/div>\n\t\t\t\t\t\t<\/div>\n\t\t\t\t<\/div>\n\t\t\t\t\t\t<\/div>\n\t\t\t\t\t<\/div>\n\t\t<\/div>\n\t\t\t\t\t\t\t\t<\/div>\n\t\t\t\t\t<\/div>\n\t\t<\/section>\n\t\t\t\t<section class=\"elementor-section elementor-top-section elementor-element elementor-element-19e1ffd elementor-section-boxed elementor-section-height-default elementor-section-height-default\" data-id=\"19e1ffd\" data-element_type=\"section\">\n\t\t\t\t\t\t<div class=\"elementor-container elementor-column-gap-default\">\n\t\t\t\t\t\t\t<div class=\"elementor-row\">\n\t\t\t\t\t<div class=\"elementor-column elementor-col-100 elementor-top-column elementor-element elementor-element-56f9824\" data-id=\"56f9824\" data-element_type=\"column\">\n\t\t\t<div class=\"elementor-column-wrap elementor-element-populated\">\n\t\t\t\t\t\t\t<div class=\"elementor-widget-wrap\">\n\t\t\t\t\t\t<div class=\"elementor-element elementor-element-8cdcd18 elementor-widget elementor-widget-heading\" data-id=\"8cdcd18\" data-element_type=\"widget\" data-widget_type=\"heading.default\">\n\t\t\t\t<div class=\"elementor-widget-container\">\n\t\t\t<h2 class=\"elementor-heading-title elementor-size-default\">Tr\u1ea3 g\u00f3p 0% qua c\u00e1c ng\u00e2n h\u00e0ng<\/h2>\t\t<\/div>\n\t\t\t\t<\/div>\n\t\t\t\t<div class=\"elementor-element elementor-element-75241d5 elementor-widget elementor-widget-text-editor\" data-id=\"75241d5\" data-element_type=\"widget\" data-widget_type=\"text-editor.default\">\n\t\t\t\t<div class=\"elementor-widget-container\">\n\t\t\t\t\t\t\t\t<div class=\"elementor-text-editor elementor-clearfix\">\n\t\t\t\t\t<p>\u0110i\u1ec3m \u0111\u1eb7c bi\u1ec7t c\u1ee7a ch\u01b0\u01a1ng tr\u00ecnh tr\u1ea3 g\u00f3p l\u00e3i su\u1ea5t 0% b\u1eb1ng th\u1ebb t\u00edn d\u1ee5ng l\u00e0 cho ph\u00e9p b\u1ea1n mua h\u00e0ng b\u1eb1ng th\u1ebb t\u00edn d\u1ee5ng v\u00e0 tr\u1ea3 d\u1ea7n trong v\u00f2ng t\u1eeb 6 &#8211; 12 th\u00e1ng m\u00e0 kh\u00f4ng ph\u1ea3i b\u1ed5 sung b\u1ea5t k\u1ef3 gi\u1ea5y t\u1edd n\u00e0o.\u200b<\/p><h6><strong>\u0110i\u1ec3m m\u1ea1nh<\/strong><\/h6><ul><li>Tham gia tr\u1ea3 g\u00f3p 0% l\u00e3i su\u1ea5t<\/li><li>Kh\u00e1ch h\u00e0ng kh\u00f4ng c\u1ea7n ch\u1ee9ng m\u00ecnh thu nh\u1eadp<\/li><li>Kh\u00f4ng c\u1ea7n x\u00e9t duy\u1ec7t<\/li><li>Kh\u00e1ch h\u00e0ng kh\u00f4ng c\u1ea7n th\u1ebf ch\u1ea5p t\u00e0i s\u1ea3n, kh\u00f4ng c\u1ea7n mang theo c\u00e1c lo\u1ea1i gi\u1ea5y t\u1edd nh\u01b0 S\u1ed5 h\u1ed9 kh\u1ea9u, b\u1eb1ng l\u00e1i xe, cung c\u1ea5p th\u00f4ng tin kh\u00e1c ngo\u00e0i vi\u1ec7c ch\u1ec9 mang theo th\u1ebb t\u00edn d\u1ee5ng c\u1ee7a m\u00ecnh s\u1eed d\u1ee5ng mi\u1ec5n sao h\u1ea1n m\u1ee9c t\u00edn d\u1ee5ng v\u1eabn \u0111\u1ee7 th\u1ef1c hi\u1ec7n giao d\u1ecbch v\u00e0 kh\u00f4ng c\u00f3 n\u1ee3 x\u1ea5u.<\/li><li>Kh\u00e1ch h\u00e0ng c\u00f3 th\u1ec3 mua \u0111\u01b0\u1ee3c nhi\u1ec1u l\u1ea7n mi\u1ec5n sao th\u1ebb t\u00edn d\u1ee5ng v\u1eabn \u0111\u1ee7 h\u1ea1n m\u1ee9c<\/li><li>Giao d\u1ecbch t\u1ed1i thi\u1ec3u ch\u1ec9 t\u1eeb 3.000.000vn\u0111\u00a0<\/li><li>Th\u1ee7 t\u1ee5c \u0111\u01a1n gi\u1ea3n ch\u1ec9 c\u1ea7n \u0111i\u1ec1n \u0111\u01a1n \u0111\u0103ng k\u00fd tr\u1ea3 g\u00f3p v\u00e0 5 &#8211; 10 ph\u00fat l\u00e0 nh\u1eadn ngay s\u1ea3n ph\u1ea9m.\u00a0<\/li><\/ul><h6><strong>C\u00e1c ng\u00e2n h\u00e0ng h\u1ed7 tr\u1ee3 tr\u1ea3 g\u00f3p<\/strong><\/h6><p><img loading=\"lazy\" decoding=\"async\" class=\"wp-image-7246 alignleft\" src=\"https:\/\/ben.com.vn\/tin-tuc\/wp-content\/uploads\/2020\/08\/ACB_Logo.png\" alt=\"\" width=\"63\" height=\"25\" data-wp-editing=\"1\" srcset=\"https:\/\/ben.com.vn\/tin-tuc\/wp-content\/uploads\/2020\/08\/ACB_Logo.png 600w, https:\/\/ben.com.vn\/tin-tuc\/wp-content\/uploads\/2020\/08\/ACB_Logo-300x119.png 300w\" sizes=\"auto, (max-width: 63px) 100vw, 63px\" \/><\/p>\t\t\t\t\t<\/div>\n\t\t\t\t\t\t<\/div>\n\t\t\t\t<\/div>\n\t\t\t\t\t\t<\/div>\n\t\t\t\t\t<\/div>\n\t\t<\/div>\n\t\t\t\t\t\t\t\t<\/div>\n\t\t\t\t\t<\/div>\n\t\t<\/section>\n\t\t\t\t\t\t<\/div>\n\t\t\t\t\t\t<\/div>\n\t\t\t\t\t<\/div>\n\t\t","protected":false},"excerpt":{"rendered":"<p>Ben Computer k\u1ebft h\u1ee3p c\u00f9ng HD S\u00e0i G\u00f2n v\u00e0 FE Credit h\u1ed7 tr\u1ee3 kh\u00e1ch h\u00e0ng mua h\u00e0ng tr\u1ea3 g\u00f3p. B\u1ea1n s\u1ebd d\u1ec5 d\u00e0ng s\u1edf h\u1eefu ngay Laptop, PC\u2026 t\u1ea1i Ben Computer v\u1edbi \u01b0u \u0111\u00e3i tr\u1ea3 g\u00f3p c\u1ee7a HD S\u00e0i G\u00f2n, Fe Credit v\u1eeba c\u00f3 lap ph\u1ee5c v\u1ee5 cho h\u1ecdc t\u1eadp, l\u00e0m vi\u1ec7c v\u1eeba gi\u00fap kh\u00e1ch [&hellip;]<\/p>\n","protected":false},"author":39,"featured_media":0,"parent":0,"menu_order":0,"comment_status":"closed","ping_status":"closed","template":"elementor_header_footer","meta":{"footnotes":"","_links_to":"","_links_to_target":""},"class_list":["post-5196","page","type-page","status-publish","hentry"],"_links":{"self":[{"href":"https:\/\/ben.com.vn\/tin-tuc\/wp-json\/wp\/v2\/pages\/5196","targetHints":{"allow":["GET"]}}],"collection":[{"href":"https:\/\/ben.com.vn\/tin-tuc\/wp-json\/wp\/v2\/pages"}],"about":[{"href":"https:\/\/ben.com.vn\/tin-tuc\/wp-json\/wp\/v2\/types\/page"}],"author":[{"embeddable":true,"href":"https:\/\/ben.com.vn\/tin-tuc\/wp-json\/wp\/v2\/users\/39"}],"replies":[{"embeddable":true,"href":"https:\/\/ben.com.vn\/tin-tuc\/wp-json\/wp\/v2\/comments?post=5196"}],"version-history":[{"count":1,"href":"https:\/\/ben.com.vn\/tin-tuc\/wp-json\/wp\/v2\/pages\/5196\/revisions"}],"predecessor-version":[{"id":54850,"href":"https:\/\/ben.com.vn\/tin-tuc\/wp-json\/wp\/v2\/pages\/5196\/revisions\/54850"}],"wp:attachment":[{"href":"https:\/\/ben.com.vn\/tin-tuc\/wp-json\/wp\/v2\/media?parent=5196"}],"curies":[{"name":"wp","href":"https:\/\/api.w.org\/{rel}","templated":true}]}}