{"id":78780,"date":"2024-10-04T11:11:23","date_gmt":"2024-10-04T04:11:23","guid":{"rendered":"https:\/\/ben.com.vn\/tin-tuc\/?page_id=78780"},"modified":"2024-11-11T08:54:09","modified_gmt":"2024-11-11T01:54:09","slug":"dang-ky-dat-mua-san-pham","status":"publish","type":"page","link":"https:\/\/ben.com.vn\/tin-tuc\/dang-ky-dat-mua-san-pham\/","title":{"rendered":"\u0110\u0103ng k\u00fd \u0111\u1eb7t mua s\u1ea3n ph\u1ea9m"},"content":{"rendered":"\t\t<div data-elementor-type=\"wp-page\" data-elementor-id=\"78780\" class=\"elementor elementor-78780\" data-elementor-settings=\"[]\">\n\t\t\t\t\t\t<div class=\"elementor-inner\">\n\t\t\t\t\t\t\t<div class=\"elementor-section-wrap\">\n\t\t\t\t\t\t\t<section class=\"elementor-section elementor-top-section elementor-element elementor-element-f0e2ed9 elementor-section-boxed elementor-section-height-default elementor-section-height-default\" data-id=\"f0e2ed9\" data-element_type=\"section\">\n\t\t\t\t\t\t<div class=\"elementor-container elementor-column-gap-default\">\n\t\t\t\t\t\t\t<div class=\"elementor-row\">\n\t\t\t\t\t<div class=\"elementor-column elementor-col-100 elementor-top-column elementor-element elementor-element-40efb7fd\" data-id=\"40efb7fd\" data-element_type=\"column\">\n\t\t\t<div class=\"elementor-column-wrap elementor-element-populated\">\n\t\t\t\t\t\t\t<div class=\"elementor-widget-wrap\">\n\t\t\t\t\t\t<div class=\"elementor-element elementor-element-3907e4ee elementor-widget elementor-widget-image\" data-id=\"3907e4ee\" data-element_type=\"widget\" data-widget_type=\"image.default\">\n\t\t\t\t<div class=\"elementor-widget-container\">\n\t\t\t\t\t\t\t\t<div class=\"elementor-image\">\n\t\t\t\t\t\t\t\t\t\t\t\t<img loading=\"lazy\" decoding=\"async\" width=\"1680\" height=\"420\" src=\"https:\/\/ben.com.vn\/tin-tuc\/wp-content\/uploads\/2024\/10\/Banner-lien-he-hoi-gia-1.png\" class=\"attachment-full size-full\" alt=\"Banner li\u00ean h\u1ec7 h\u1ecfi gi\u00e1\" \/>\t\t\t\t\t\t\t\t\t\t\t\t\t\t<\/div>\n\t\t\t\t\t\t<\/div>\n\t\t\t\t<\/div>\n\t\t\t\t\t\t<\/div>\n\t\t\t\t\t<\/div>\n\t\t<\/div>\n\t\t\t\t\t\t\t\t<\/div>\n\t\t\t\t\t<\/div>\n\t\t<\/section>\n\t\t\t\t<section class=\"elementor-section elementor-top-section elementor-element elementor-element-27848edc elementor-section-boxed elementor-section-height-default elementor-section-height-default\" data-id=\"27848edc\" data-element_type=\"section\" data-settings=\"{&quot;background_background&quot;:&quot;gradient&quot;}\">\n\t\t\t\t\t\t<div class=\"elementor-container elementor-column-gap-custom\">\n\t\t\t\t\t\t\t<div class=\"elementor-row\">\n\t\t\t\t\t<div class=\"elementor-column elementor-col-50 elementor-top-column elementor-element elementor-element-472858ea\" data-id=\"472858ea\" data-element_type=\"column\">\n\t\t\t<div class=\"elementor-column-wrap elementor-element-populated\">\n\t\t\t\t\t\t\t<div class=\"elementor-widget-wrap\">\n\t\t\t\t\t\t<div class=\"elementor-element elementor-element-31bb6885 elementor-widget elementor-widget-image\" data-id=\"31bb6885\" data-element_type=\"widget\" data-widget_type=\"image.default\">\n\t\t\t\t<div class=\"elementor-widget-container\">\n\t\t\t\t\t\t\t\t<div class=\"elementor-image\">\n\t\t\t\t\t\t\t\t\t\t\t\t\t<a href=\"tel:0899.179.991\" target=\"_blank\">\n\t\t\t\t\t\t\t<img loading=\"lazy\" decoding=\"async\" width=\"945\" height=\"945\" src=\"https:\/\/ben.com.vn\/tin-tuc\/wp-content\/uploads\/2024\/10\/2.png\" class=\"attachment-large size-large\" alt=\"\u0110\u0103ng k\u00fd \u0111\u1eb7t mua s\u1ea3n ph\u1ea9m\" \/>\t\t\t\t\t\t\t\t<\/a>\n\t\t\t\t\t\t\t\t\t\t\t\t\t\t<\/div>\n\t\t\t\t\t\t<\/div>\n\t\t\t\t<\/div>\n\t\t\t\t\t\t<\/div>\n\t\t\t\t\t<\/div>\n\t\t<\/div>\n\t\t\t\t<div class=\"elementor-column elementor-col-50 elementor-top-column elementor-element elementor-element-590f1a47\" data-id=\"590f1a47\" data-element_type=\"column\">\n\t\t\t<div class=\"elementor-column-wrap elementor-element-populated\">\n\t\t\t\t\t\t\t<div class=\"elementor-widget-wrap\">\n\t\t\t\t\t\t<div class=\"elementor-element elementor-element-4b3b3be4 elementor-widget elementor-widget-text-editor\" data-id=\"4b3b3be4\" data-element_type=\"widget\" data-widget_type=\"text-editor.default\">\n\t\t\t\t<div class=\"elementor-widget-container\">\n\t\t\t\t\t\t\t\t<div class=\"elementor-text-editor elementor-clearfix\">\n\t\t\t\t\t<h6 style=\"text-align: center;\"><span style=\"font-size: 22px; color: #000000;\"><strong><img decoding=\"async\" class=\"emoji\" role=\"img\" draggable=\"false\" src=\"https:\/\/s.w.org\/images\/core\/emoji\/14.0.0\/svg\/1f449.svg\" alt=\"\ud83d\udc49\" \/> \u0110\u1eb7t tr\u01b0\u1edbc ngay \u2013 \u0110\u1ea3m b\u1ea3o s\u1edf h\u1eefu s\u1ea3n ph\u1ea9m m\u00e1y t\u00ednh &amp; ph\u1ee5 ki\u1ec7n y\u00eau th\u00edch<\/strong><\/span><\/h6><p style=\"text-align: center;\"><span style=\"color: #000000;\">C\u1ea3m \u01a1n qu\u00fd kh\u00e1ch \u0111\u00e3 quan t\u00e2m \u0111\u1ebfn s\u1ea3n ph\u1ea9m c\u1ee7a Ben Computer! <\/span>\u0110\u1eebng b\u1ecf l\u1ee1 c\u01a1 h\u1ed9i s\u1edf h\u1eefu nh\u1eefng s\u1ea3n ph\u1ea9m m\u00e1y t\u00ednh v\u00e0 ph\u1ee5 ki\u1ec7n hot nh\u1ea5t tr\u00ean th\u1ecb tr\u01b0\u1eddng! H\u00e3y \u0111\u1eb7t tr\u01b0\u1edbc ngay \u0111\u1ec3 \u0111\u01b0\u1ee3c \u01b0u ti\u00ean nh\u1eadn h\u00e0ng s\u1edbm v\u00e0 h\u01b0\u1edfng \u01b0u \u0111\u00e3i \u0111\u1eb7c bi\u1ec7t.<\/p>\t\t\t\t\t<\/div>\n\t\t\t\t\t\t<\/div>\n\t\t\t\t<\/div>\n\t\t\t\t<div class=\"elementor-element elementor-element-5e2fba77 elementor-widget elementor-widget-html\" data-id=\"5e2fba77\" data-element_type=\"widget\" data-widget_type=\"html.default\">\n\t\t\t\t<div class=\"elementor-widget-container\">\n\t\t\t<div id=\"getfly-optin-form-iframe-1728015395605\"><\/div> <script type=\"text\/javascript\"> (function(){ var r = window.document.referrer != \"\"? window.document.referrer: window.location.origin; var regex = \/(https?:\\\/\\\/.*?)\\\/\/g; var furl = regex.exec(r); r = furl ? furl[0] : r; var f = document.createElement(\"iframe\"); const url_string = new URLSearchParams(window.location.search); var utm_source, utm_campaign, utm_medium, utm_content, utm_term; if((!url_string.has('utm_source') || url_string.get('utm_source') == '') && document.cookie.match(new RegExp('utm_source' + '=([^;]+)')) != null){ r+= \"&\" +document.cookie.match(new RegExp('utm_source' + '=([^;]+)'))[0]; } else { r+= url_string.get('utm_source') != null ? \"&utm_source=\" + url_string.get('utm_source') : \"\";} if((!url_string.has('utm_campaign') || url_string.get('utm_campaign') == '') && document.cookie.match(new RegExp('utm_campaign' + '=([^;]+)')) != null){ r+= \"&\" +document.cookie.match(new RegExp('utm_campaign' + '=([^;]+)'))[0]; } else { r+= url_string.get('utm_campaign') != null ? \"&utm_campaign=\" + url_string.get('utm_campaign') : \"\";} if((!url_string.has('utm_medium') || url_string.get('utm_medium') == '') && document.cookie.match(new RegExp('utm_medium' + '=([^;]+)')) != null){ r+= \"&\" +document.cookie.match(new RegExp('utm_medium' + '=([^;]+)'))[0]; } else { r+= url_string.get('utm_medium') != null ? \"&utm_medium=\" + url_string.get('utm_medium') : \"\";} if((!url_string.has('utm_content') || url_string.get('utm_content') == '') && document.cookie.match(new RegExp('utm_content' + '=([^;]+)')) != null){ r+= \"&\" +document.cookie.match(new RegExp('utm_content' + '=([^;]+)'))[0]; } else { r+= url_string.get('utm_content') != null ? \"&utm_content=\" + url_string.get('utm_content') : \"\";} if((!url_string.has('utm_term') || url_string.get('utm_term') == '') && document.cookie.match(new RegExp('utm_term' + '=([^;]+)')) != null){ r+= \"&\" +document.cookie.match(new RegExp('utm_term' + '=([^;]+)'))[0]; } else { r+= url_string.get('utm_term') != null ? \"&utm_term=\" + url_string.get('utm_term') : \"\";} if((!url_string.has('utm_user') || url_string.get('utm_user') == '') && document.cookie.match(new RegExp('utm_user' + '=([^;]+)')) != null){ r+= \"&\" +document.cookie.match(new RegExp('utm_user' + '=([^;]+)'))[0]; } else { r+= url_string.get('utm_user') != null ? \"&utm_user=\" + url_string.get('utm_user') : \"\";} if((!url_string.has('utm_account') || url_string.get('utm_account') == '') && document.cookie.match(new RegExp('utm_account' + '=([^;]+)')) != null){ r+= \"&\" +document.cookie.match(new RegExp('utm_account' + '=([^;]+)'))[0]; } else { r+= url_string.get('utm_account') != null ? \"&utm_account=\" + url_string.get('utm_account') : \"\";} r+=\"&full_url=\"+encodeURIComponent(window.location.href); f.setAttribute(\"src\", \"https:\/\/ben.getflycrm.com\/api\/forms\/viewform\/?key=HOVojiQhTzQ8BZyi3CFs9QhltHNuBHFKmXOI9nEHSomf8X7C4L&referrer=\"+r); f.style.width = \"100%\";f.style.height = \"500px\";f.setAttribute(\"frameborder\",\"0\");f.setAttribute(\"marginheight\",\"0\"); f.setAttribute(\"marginwidth\",\"0\");var s = document.getElementById(\"getfly-optin-form-iframe-1728015395605\");s.appendChild(f); })(); <\/script>\t\t<\/div>\n\t\t\t\t<\/div>\n\t\t\t\t\t\t<\/div>\n\t\t\t\t\t<\/div>\n\t\t<\/div>\n\t\t\t\t\t\t\t\t<\/div>\n\t\t\t\t\t<\/div>\n\t\t<\/section>\n\t\t\t\t<section class=\"elementor-section elementor-top-section elementor-element elementor-element-17806600 elementor-section-full_width elementor-section-height-default elementor-section-height-default\" data-id=\"17806600\" data-element_type=\"section\" data-settings=\"{&quot;background_background&quot;:&quot;classic&quot;}\">\n\t\t\t\t\t\t<div class=\"elementor-container elementor-column-gap-default\">\n\t\t\t\t\t\t\t<div class=\"elementor-row\">\n\t\t\t\t\t<div class=\"elementor-column elementor-col-33 elementor-top-column elementor-element elementor-element-a21456e\" data-id=\"a21456e\" data-element_type=\"column\">\n\t\t\t<div class=\"elementor-column-wrap elementor-element-populated\">\n\t\t\t\t\t\t\t<div class=\"elementor-widget-wrap\">\n\t\t\t\t\t\t<div class=\"elementor-element elementor-element-3d560e33 elementor-widget elementor-widget-heading\" data-id=\"3d560e33\" data-element_type=\"widget\" data-widget_type=\"heading.default\">\n\t\t\t\t<div class=\"elementor-widget-container\">\n\t\t\t<div class=\"elementor-heading-title elementor-size-default\">C\u00d4NG TY C\u1ed4 PH\u1ea6N B\u1ec0N - BEN COMPUTER<\/div>\t\t<\/div>\n\t\t\t\t<\/div>\n\t\t\t\t<div class=\"elementor-element elementor-element-4c3972f5 elementor-widget elementor-widget-text-editor\" data-id=\"4c3972f5\" data-element_type=\"widget\" data-widget_type=\"text-editor.default\">\n\t\t\t\t<div class=\"elementor-widget-container\">\n\t\t\t\t\t\t\t\t<div class=\"elementor-text-editor elementor-clearfix\">\n\t\t\t\t\t<p><span style=\"font-size: 12pt; color: #ffffff;\"><strong>SHOWROOM 92 NGUY\u1ec4N KH\u00c1NH TO\u00c0N<\/strong><\/span><\/p><p><span style=\"color: #ffffff;\">&#8211; \u0110\u1ecba ch\u1ec9: S\u1ed1 7, Ng\u00f5 92 Nguy\u1ec5n Kh\u00e1nh To\u00e0n, C\u1ea7u Gi\u1ea5y, H\u00e0 N\u1ed9i.<\/span><\/p><p><span style=\"color: #ffffff;\">&#8211; Hotline: 0899.179.991<\/span><\/p><p><span style=\"color: #ffffff;\">&#8211; Th\u1eddi gian l\u00e0m vi\u1ec7c: T\u1eeb 08:00 &#8211; 21:00 | H\u1eb1ng ng\u00e0y<\/span><\/p>\t\t\t\t\t<\/div>\n\t\t\t\t\t\t<\/div>\n\t\t\t\t<\/div>\n\t\t\t\t<div class=\"elementor-element elementor-element-61322c09 elementor-widget elementor-widget-text-editor\" data-id=\"61322c09\" data-element_type=\"widget\" data-widget_type=\"text-editor.default\">\n\t\t\t\t<div class=\"elementor-widget-container\">\n\t\t\t\t\t\t\t\t<div class=\"elementor-text-editor elementor-clearfix\">\n\t\t\t\t\t<p><span style=\"font-size: 12pt; color: #ffffff;\"><strong>TR\u1ee4 S\u1ede CH\u00cdNH BEN COMPUTER<\/strong><\/span><\/p><p><span style=\"color: #ffffff;\">&#8211; \u0110\u1ecba ch\u1ec9: S\u1ed1 7, Ng\u00f5 92 Nguy\u1ec5n Kh\u00e1nh To\u00e0n, C\u1ea7u Gi\u1ea5y, H\u00e0 N\u1ed9i.<\/span><\/p><p><span style=\"color: #ffffff;\">&#8211; Hotline: 0899.179.991<\/span><\/p><p><span style=\"color: #ffffff;\">&#8211; Th\u1eddi gian l\u00e0m vi\u1ec7c: T\u1eeb 08:00 &#8211; 21:00 | H\u1eb1ng ng\u00e0y<\/span><\/p>\t\t\t\t\t<\/div>\n\t\t\t\t\t\t<\/div>\n\t\t\t\t<\/div>\n\t\t\t\t\t\t<\/div>\n\t\t\t\t\t<\/div>\n\t\t<\/div>\n\t\t\t\t<div class=\"elementor-column elementor-col-33 elementor-top-column elementor-element elementor-element-4ec6878f\" data-id=\"4ec6878f\" data-element_type=\"column\">\n\t\t\t<div class=\"elementor-column-wrap elementor-element-populated\">\n\t\t\t\t\t\t\t<div class=\"elementor-widget-wrap\">\n\t\t\t\t\t\t<div class=\"elementor-element elementor-element-20362a09 elementor-widget elementor-widget-text-editor\" data-id=\"20362a09\" data-element_type=\"widget\" data-widget_type=\"text-editor.default\">\n\t\t\t\t<div class=\"elementor-widget-container\">\n\t\t\t\t\t\t\t\t<div class=\"elementor-text-editor elementor-clearfix\">\n\t\t\t\t\t<p><span style=\"font-size: 12pt; color: #ffffff;\"><strong>LI\u00caN H\u1ec6<\/strong><\/span><\/p><p><span style=\"color: #ffffff;\">&#8211; B\u00e1n h\u00e0ng tr\u1ef1c tuy\u1ebfn: <span style=\"font-size: 16px;\"><b>0899.179.991<\/b><\/span><\/span><\/p><p><span style=\"color: #ffffff;\">&#8211; Ph\u00f2ng kinh doanh ph\u00e2n ph\u1ed1i: <span style=\"font-size: 16px;\"><b>0899.179.991<\/b><\/span><\/span><\/p><p><span style=\"color: #ffffff;\">&#8211; Ph\u00f2ng kh\u00e1ch h\u00e0ng doanh nghi\u1ec7p: <span style=\"font-size: 16px;\"><b>0899.179.991<\/b><\/span><\/span><\/p><p><span style=\"color: #ffffff;\">&#8211; Ph\u00f2ng k\u1ef9 thu\u1eadt b\u1ea3o h\u00e0nh: <strong><span style=\"font-size: 12pt;\">0899.179.992<\/span><\/strong><\/span><\/p>\t\t\t\t\t<\/div>\n\t\t\t\t\t\t<\/div>\n\t\t\t\t<\/div>\n\t\t\t\t<div class=\"elementor-element elementor-element-4aa243a5 elementor-widget elementor-widget-text-editor\" data-id=\"4aa243a5\" data-element_type=\"widget\" data-widget_type=\"text-editor.default\">\n\t\t\t\t<div class=\"elementor-widget-container\">\n\t\t\t\t\t\t\t\t<div class=\"elementor-text-editor elementor-clearfix\">\n\t\t\t\t\t<p><span style=\"font-size: 12pt; color: #ffffff;\"><strong>THAM GIA C\u1ed8NG \u0110\u1ed2NG BEN COMPUTER<\/strong><\/span><\/p>\t\t\t\t\t<\/div>\n\t\t\t\t\t\t<\/div>\n\t\t\t\t<\/div>\n\t\t\t\t<div class=\"elementor-element elementor-element-57301886 elementor-shape-square e-grid-align-left elementor-grid-0 elementor-widget elementor-widget-global elementor-global-78811 elementor-widget-social-icons\" data-id=\"57301886\" data-element_type=\"widget\" data-widget_type=\"social-icons.default\">\n\t\t\t\t<div class=\"elementor-widget-container\">\n\t\t\t\t\t<div class=\"elementor-social-icons-wrapper elementor-grid\">\n\t\t\t\t\t\t\t<span class=\"elementor-grid-item\">\n\t\t\t\t\t<a class=\"elementor-icon elementor-social-icon elementor-social-icon-facebook elementor-repeater-item-f31d000\" href=\"https:\/\/www.facebook.com\/bencomputers\" target=\"_blank\">\n\t\t\t\t\t\t<span class=\"elementor-screen-only\">Facebook<\/span>\n\t\t\t\t\t\t<i class=\"fab fa-facebook\"><\/i>\t\t\t\t\t<\/a>\n\t\t\t\t<\/span>\n\t\t\t\t\t\t\t<span class=\"elementor-grid-item\">\n\t\t\t\t\t<a class=\"elementor-icon elementor-social-icon elementor-social-icon-youtube elementor-repeater-item-6b703df\" href=\"https:\/\/www.youtube.com\/@bencomputer242\" target=\"_blank\">\n\t\t\t\t\t\t<span class=\"elementor-screen-only\">Youtube<\/span>\n\t\t\t\t\t\t<i class=\"fab fa-youtube\"><\/i>\t\t\t\t\t<\/a>\n\t\t\t\t<\/span>\n\t\t\t\t\t\t\t<span class=\"elementor-grid-item\">\n\t\t\t\t\t<a class=\"elementor-icon elementor-social-icon elementor-social-icon- elementor-repeater-item-623e7cb\" href=\"https:\/\/www.tiktok.com\/@bencomputer.official\" target=\"_blank\">\n\t\t\t\t\t\t<span class=\"elementor-screen-only\"><\/span>\n\t\t\t\t\t\t<svg xmlns=\"http:\/\/www.w3.org\/2000\/svg\" height=\"797.73mm\" viewBox=\"-58.35000000000002 -186.70564362582354 2548.289756960746 2538.849821747569\" width=\"705.56mm\"><g fill=\"#25f4ee\"><path d=\"M779.38 890.55v-88.12a650.81 650.81 0 0 0-92.45-7.94c-299.8-.64-565.22 193.64-655.25 479.6S47.92 1871.34 294 2042.56a684.7 684.7 0 0 1 485.36-1152z\"><\/path><path d=\"M796 1888.72c167.62-.23 305.4-132.28 312.74-299.74V94.62h273A512.17 512.17 0 0 1 1373.8 0h-373.41v1492.92c-6.21 168.31-144.32 301.63-312.74 301.9a317.76 317.76 0 0 1-144.45-36.11A313.48 313.48 0 0 0 796 1888.72zM1891.66 601.64v-83.06a509.85 509.85 0 0 1-282.4-85.22 517.79 517.79 0 0 0 282.4 168.28z\"><\/path><\/g><path d=\"M1609.26 433.36a514.19 514.19 0 0 1-127.84-339.47h-99.68a517.16 517.16 0 0 0 227.52 339.47zM686.93 1167.9a313.46 313.46 0 0 0-144.46 590.81A312.75 312.75 0 0 1 796 1262.51a329.69 329.69 0 0 1 92.44 14.49V897.05a654.77 654.77 0 0 0-92.44-7.22h-16.62v288.9a321.13 321.13 0 0 0-92.45-10.83z\" fill=\"#fe2c55\"><\/path><path d=\"M1891.66 601.64v288.91a886.23 886.23 0 0 1-517.86-168.29v759.1c-.8 378.78-308.09 685.43-686.87 685.43A679.65 679.65 0 0 1 294 2042.56 685.43 685.43 0 0 0 1481.42 1576V819.05A887.71 887.71 0 0 0 2000 985.17v-372a529.59 529.59 0 0 1-108.34-11.53z\" fill=\"#fe2c55\"><\/path><path d=\"M1373.8 1481.36v-759.1a886.11 886.11 0 0 0 518.58 166.12v-288.9a517.87 517.87 0 0 1-283.12-166.12 517.16 517.16 0 0 1-227.52-339.47h-273V1589a313.46 313.46 0 0 1-567 171.17 313.46 313.46 0 0 1 144.46-590.83 321.35 321.35 0 0 1 92.45 14.45V894.88A684.71 684.71 0 0 0 293.29 2050.5a679.65 679.65 0 0 0 393.64 116.29c378.78 0 686.07-306.65 686.87-685.43z\"><\/path><\/svg>\t\t\t\t\t<\/a>\n\t\t\t\t<\/span>\n\t\t\t\t\t<\/div>\n\t\t\t\t<\/div>\n\t\t\t\t<\/div>\n\t\t\t\t\t\t<\/div>\n\t\t\t\t\t<\/div>\n\t\t<\/div>\n\t\t\t\t<div class=\"elementor-column elementor-col-33 elementor-top-column elementor-element elementor-element-7fc6c862\" data-id=\"7fc6c862\" data-element_type=\"column\">\n\t\t\t<div class=\"elementor-column-wrap elementor-element-populated\">\n\t\t\t\t\t\t\t<div class=\"elementor-widget-wrap\">\n\t\t\t\t\t\t<div class=\"elementor-element elementor-element-4c1cb09d elementor-widget elementor-widget-global elementor-global-78830 elementor-widget-text-editor\" data-id=\"4c1cb09d\" data-element_type=\"widget\" data-widget_type=\"text-editor.default\">\n\t\t\t\t<div class=\"elementor-widget-container\">\n\t\t\t\t\t\t\t\t<div class=\"elementor-text-editor elementor-clearfix\">\n\t\t\t\t\t<p><span style=\"font-size: 12pt; color: #ffffff;\"><strong>THAM GIA C\u1ed8NG \u0110\u1ed2NG ZALO \u0110\u1ec2 NH\u1eacN T\u01af V\u1ea4N RI\u00caNG<\/strong><\/span><\/p><p><img loading=\"lazy\" decoding=\"async\" class=\"aligncenter wp-image-78818\" src=\"https:\/\/ben.com.vn\/tin-tuc\/wp-content\/uploads\/2024\/10\/QR-code-Zalo-Oa.jpg\" alt=\"QR code Zalo Oa\" width=\"250\" height=\"250\" \/><\/p>\t\t\t\t\t<\/div>\n\t\t\t\t\t\t<\/div>\n\t\t\t\t<\/div>\n\t\t\t\t\t\t<\/div>\n\t\t\t\t\t<\/div>\n\t\t<\/div>\n\t\t\t\t\t\t\t\t<\/div>\n\t\t\t\t\t<\/div>\n\t\t<\/section>\n\t\t\t\t\t\t<\/div>\n\t\t\t\t\t\t<\/div>\n\t\t\t\t\t<\/div>\n\t\t","protected":false},"excerpt":{"rendered":"<p>\u0110\u1eb7t tr\u01b0\u1edbc ngay \u2013 \u0110\u1ea3m b\u1ea3o s\u1edf h\u1eefu s\u1ea3n ph\u1ea9m m\u00e1y t\u00ednh &amp; ph\u1ee5 ki\u1ec7n y\u00eau th\u00edch C\u1ea3m \u01a1n qu\u00fd kh\u00e1ch \u0111\u00e3 quan t\u00e2m \u0111\u1ebfn s\u1ea3n ph\u1ea9m c\u1ee7a Ben Computer! \u0110\u1eebng b\u1ecf l\u1ee1 c\u01a1 h\u1ed9i s\u1edf h\u1eefu nh\u1eefng s\u1ea3n ph\u1ea9m m\u00e1y t\u00ednh v\u00e0 ph\u1ee5 ki\u1ec7n hot nh\u1ea5t tr\u00ean th\u1ecb tr\u01b0\u1eddng! H\u00e3y \u0111\u1eb7t tr\u01b0\u1edbc ngay \u0111\u1ec3 [&hellip;]<\/p>\n","protected":false},"author":65,"featured_media":0,"parent":0,"menu_order":0,"comment_status":"closed","ping_status":"closed","template":"","meta":{"footnotes":"","_links_to":"","_links_to_target":""},"class_list":["post-78780","page","type-page","status-publish","hentry"],"_links":{"self":[{"href":"https:\/\/ben.com.vn\/tin-tuc\/wp-json\/wp\/v2\/pages\/78780","targetHints":{"allow":["GET"]}}],"collection":[{"href":"https:\/\/ben.com.vn\/tin-tuc\/wp-json\/wp\/v2\/pages"}],"about":[{"href":"https:\/\/ben.com.vn\/tin-tuc\/wp-json\/wp\/v2\/types\/page"}],"author":[{"embeddable":true,"href":"https:\/\/ben.com.vn\/tin-tuc\/wp-json\/wp\/v2\/users\/65"}],"replies":[{"embeddable":true,"href":"https:\/\/ben.com.vn\/tin-tuc\/wp-json\/wp\/v2\/comments?post=78780"}],"version-history":[{"count":25,"href":"https:\/\/ben.com.vn\/tin-tuc\/wp-json\/wp\/v2\/pages\/78780\/revisions"}],"predecessor-version":[{"id":80042,"href":"https:\/\/ben.com.vn\/tin-tuc\/wp-json\/wp\/v2\/pages\/78780\/revisions\/80042"}],"wp:attachment":[{"href":"https:\/\/ben.com.vn\/tin-tuc\/wp-json\/wp\/v2\/media?parent=78780"}],"curies":[{"name":"wp","href":"https:\/\/api.w.org\/{rel}","templated":true}]}}